

{"id":14,"date":"2020-08-18T09:11:14","date_gmt":"2020-08-18T07:11:14","guid":{"rendered":"https:\/\/www2.rexcontrols.com\/?page_id=14"},"modified":"2025-11-18T15:41:35","modified_gmt":"2025-11-18T14:41:35","slug":"sluzby","status":"publish","type":"page","link":"https:\/\/www.rexcontrols.com\/cs\/sluzby\/","title":{"rendered":"Slu\u017eby"},"content":{"rendered":"\t\t<div data-elementor-type=\"wp-page\" data-elementor-id=\"14\" class=\"elementor elementor-14\" data-elementor-post-type=\"page\">\n\t\t\t\t\t\t<section class=\"elementor-section elementor-top-section elementor-element elementor-element-86c8a62 elementor-section-boxed elementor-section-height-default elementor-section-height-default\" data-id=\"86c8a62\" data-element_type=\"section\" data-settings=\"{&quot;background_background&quot;:&quot;classic&quot;}\">\n\t\t\t\t\t\t<div class=\"elementor-container elementor-column-gap-default\">\n\t\t\t\t\t<div class=\"elementor-column elementor-col-100 elementor-top-column elementor-element elementor-element-a207063\" data-id=\"a207063\" data-element_type=\"column\">\n\t\t\t<div class=\"elementor-widget-wrap elementor-element-populated\">\n\t\t\t\t\t\t<div class=\"elementor-element elementor-element-87ef254 elementor-widget elementor-widget-heading\" data-id=\"87ef254\" data-element_type=\"widget\" data-widget_type=\"heading.default\">\n\t\t\t\t<div class=\"elementor-widget-container\">\n\t\t\t\t\t<h1 class=\"elementor-heading-title elementor-size-default\">Slu\u017eby<\/h1>\t\t\t\t<\/div>\n\t\t\t\t<\/div>\n\t\t\t\t\t<\/div>\n\t\t<\/div>\n\t\t\t\t\t<\/div>\n\t\t<\/section>\n\t\t\t\t<section class=\"elementor-section elementor-top-section elementor-element elementor-element-bd3113a elementor-section-boxed elementor-section-height-default elementor-section-height-default\" data-id=\"bd3113a\" data-element_type=\"section\">\n\t\t\t\t\t\t<div class=\"elementor-container elementor-column-gap-default\">\n\t\t\t\t\t<div class=\"elementor-column elementor-col-100 elementor-top-column elementor-element elementor-element-ad878c0\" data-id=\"ad878c0\" data-element_type=\"column\">\n\t\t\t<div class=\"elementor-widget-wrap elementor-element-populated\">\n\t\t\t\t\t\t<section class=\"elementor-section elementor-inner-section elementor-element elementor-element-bdcdaf5 elementor-section-boxed elementor-section-height-default elementor-section-height-default\" data-id=\"bdcdaf5\" data-element_type=\"section\">\n\t\t\t\t\t\t<div class=\"elementor-container elementor-column-gap-default\">\n\t\t\t\t\t<div data-wts-url=\"\/cs\/robotika-a-specialni-zarizeni\/\" data-wts-link=\"yes\" data-wts-new-window=\"\" class=\"elementor-column elementor-col-33 elementor-inner-column elementor-element elementor-element-9c75631 ae-link-yes\" data-id=\"9c75631\" data-element_type=\"column\" data-settings=\"{&quot;background_background&quot;:&quot;classic&quot;}\">\n\t\t\t<div class=\"elementor-widget-wrap elementor-element-populated\">\n\t\t\t\t\t\t<div class=\"elementor-element elementor-element-16beae6 elementor-widget elementor-widget-image\" data-id=\"16beae6\" data-element_type=\"widget\" data-widget_type=\"image.default\">\n\t\t\t\t<div class=\"elementor-widget-container\">\n\t\t\t\t\t\t\t\t\t\t\t\t\t\t\t<img decoding=\"async\" width=\"88\" height=\"90\" src=\"https:\/\/www.rexcontrols.com\/wp-content\/uploads\/2020\/08\/robotika_icon.svg\" class=\"attachment-large size-large wp-image-55\" alt=\"\" \/>\t\t\t\t\t\t\t\t\t\t\t\t\t\t\t<\/div>\n\t\t\t\t<\/div>\n\t\t\t\t<div class=\"elementor-element elementor-element-ed9562c elementor-widget elementor-widget-heading\" data-id=\"ed9562c\" data-element_type=\"widget\" data-widget_type=\"heading.default\">\n\t\t\t\t<div class=\"elementor-widget-container\">\n\t\t\t\t\t<h3 class=\"elementor-heading-title elementor-size-default\"><a href=\"\/cs\/robotika-a-specialni-zarizeni\/\">Robotika <br> a speci\u00e1ln\u00ed za\u0159\u00edzen\u00ed<\/a><\/h3>\t\t\t\t<\/div>\n\t\t\t\t<\/div>\n\t\t\t\t\t<\/div>\n\t\t<\/div>\n\t\t\t\t<div data-wts-url=\"\/cs\/reseni-pro-prumyslovou-automatizaci-na-klic\/\" data-wts-link=\"yes\" data-wts-new-window=\"\" class=\"elementor-column elementor-col-33 elementor-inner-column elementor-element elementor-element-96f246d ae-link-yes\" data-id=\"96f246d\" data-element_type=\"column\" data-settings=\"{&quot;background_background&quot;:&quot;classic&quot;}\">\n\t\t\t<div class=\"elementor-widget-wrap elementor-element-populated\">\n\t\t\t\t\t\t<div class=\"elementor-element elementor-element-3603ec9 elementor-widget elementor-widget-image\" data-id=\"3603ec9\" data-element_type=\"widget\" data-widget_type=\"image.default\">\n\t\t\t\t<div class=\"elementor-widget-container\">\n\t\t\t\t\t\t\t\t\t\t\t\t\t\t\t<img decoding=\"async\" width=\"129\" height=\"70\" src=\"https:\/\/www.rexcontrols.com\/wp-content\/uploads\/2020\/08\/automatizace_icon.svg\" class=\"attachment-large size-large wp-image-45\" alt=\"\" \/>\t\t\t\t\t\t\t\t\t\t\t\t\t\t\t<\/div>\n\t\t\t\t<\/div>\n\t\t\t\t<div class=\"elementor-element elementor-element-9586486 elementor-widget elementor-widget-heading\" data-id=\"9586486\" data-element_type=\"widget\" data-widget_type=\"heading.default\">\n\t\t\t\t<div class=\"elementor-widget-container\">\n\t\t\t\t\t<h3 class=\"elementor-heading-title elementor-size-default\"><a href=\"\/cs\/reseni-pro-prumyslovou-automatizaci-na-klic\/\">\u0158e\u0161en\u00ed pro pr\u016fmyslovou automatizaci na kl\u00ed\u010d<\/a><\/h3>\t\t\t\t<\/div>\n\t\t\t\t<\/div>\n\t\t\t\t\t<\/div>\n\t\t<\/div>\n\t\t\t\t<div data-wts-url=\"\/cs\/rizeni-procesu-a-autotunery-pid\/\" data-wts-link=\"yes\" data-wts-new-window=\"\" class=\"elementor-column elementor-col-33 elementor-inner-column elementor-element elementor-element-fac8beb ae-link-yes\" data-id=\"fac8beb\" data-element_type=\"column\" data-settings=\"{&quot;background_background&quot;:&quot;classic&quot;}\">\n\t\t\t<div class=\"elementor-widget-wrap elementor-element-populated\">\n\t\t\t\t\t\t<div class=\"elementor-element elementor-element-edbcbf0 elementor-widget elementor-widget-image\" data-id=\"edbcbf0\" data-element_type=\"widget\" data-widget_type=\"image.default\">\n\t\t\t\t<div class=\"elementor-widget-container\">\n\t\t\t\t\t\t\t\t\t\t\t\t\t\t\t<img decoding=\"async\" width=\"130\" height=\"57\" src=\"https:\/\/www.rexcontrols.com\/wp-content\/uploads\/2020\/09\/pid_icon.svg\" class=\"attachment-large size-large wp-image-221\" alt=\"\" \/>\t\t\t\t\t\t\t\t\t\t\t\t\t\t\t<\/div>\n\t\t\t\t<\/div>\n\t\t\t\t<div class=\"elementor-element elementor-element-ce19e5b elementor-widget elementor-widget-heading\" data-id=\"ce19e5b\" data-element_type=\"widget\" data-widget_type=\"heading.default\">\n\t\t\t\t<div class=\"elementor-widget-container\">\n\t\t\t\t\t<h3 class=\"elementor-heading-title elementor-size-default\"><a href=\"\/cs\/rizeni-procesu-a-autotunery-pid\/\">\u0158\u00edzen\u00ed proces\u016f <br> a autotunery PID<\/a><\/h3>\t\t\t\t<\/div>\n\t\t\t\t<\/div>\n\t\t\t\t\t<\/div>\n\t\t<\/div>\n\t\t\t\t\t<\/div>\n\t\t<\/section>\n\t\t\t\t<section class=\"elementor-section elementor-inner-section elementor-element elementor-element-f05eb3a elementor-section-boxed elementor-section-height-default elementor-section-height-default\" data-id=\"f05eb3a\" data-element_type=\"section\">\n\t\t\t\t\t\t<div class=\"elementor-container elementor-column-gap-default\">\n\t\t\t\t\t<div data-wts-url=\"\/cs\/prumyslove-iot\/\" data-wts-link=\"yes\" data-wts-new-window=\"\" class=\"elementor-column elementor-col-33 elementor-inner-column elementor-element elementor-element-68050aa ae-link-yes\" data-id=\"68050aa\" data-element_type=\"column\" data-settings=\"{&quot;background_background&quot;:&quot;classic&quot;}\">\n\t\t\t<div class=\"elementor-widget-wrap elementor-element-populated\">\n\t\t\t\t\t\t<div class=\"elementor-element elementor-element-963ae01 elementor-widget elementor-widget-image\" data-id=\"963ae01\" data-element_type=\"widget\" data-widget_type=\"image.default\">\n\t\t\t\t<div class=\"elementor-widget-container\">\n\t\t\t\t\t\t\t\t\t\t\t\t\t\t\t<img decoding=\"async\" width=\"73\" height=\"100\" src=\"https:\/\/www.rexcontrols.com\/wp-content\/uploads\/2020\/08\/iot_icon.svg\" class=\"attachment-large size-large wp-image-48\" alt=\"\" \/>\t\t\t\t\t\t\t\t\t\t\t\t\t\t\t<\/div>\n\t\t\t\t<\/div>\n\t\t\t\t<div class=\"elementor-element elementor-element-39807d8 elementor-widget elementor-widget-heading\" data-id=\"39807d8\" data-element_type=\"widget\" data-widget_type=\"heading.default\">\n\t\t\t\t<div class=\"elementor-widget-container\">\n\t\t\t\t\t<h3 class=\"elementor-heading-title elementor-size-default\"><a href=\"\/cs\/prumyslove-iot\/\">Pr\u016fmyslov\u00e9 IOT<\/a><\/h3>\t\t\t\t<\/div>\n\t\t\t\t<\/div>\n\t\t\t\t\t<\/div>\n\t\t<\/div>\n\t\t\t\t<div data-wts-url=\"\/cs\/hardware-pro-vestavene-systemy\/\" data-wts-link=\"yes\" data-wts-new-window=\"\" class=\"elementor-column elementor-col-33 elementor-inner-column elementor-element elementor-element-d29228f ae-link-yes\" data-id=\"d29228f\" data-element_type=\"column\" data-settings=\"{&quot;background_background&quot;:&quot;classic&quot;}\">\n\t\t\t<div class=\"elementor-widget-wrap elementor-element-populated\">\n\t\t\t\t\t\t<div class=\"elementor-element elementor-element-4c6f1d4 elementor-widget elementor-widget-image\" data-id=\"4c6f1d4\" data-element_type=\"widget\" data-widget_type=\"image.default\">\n\t\t\t\t<div class=\"elementor-widget-container\">\n\t\t\t\t\t\t\t\t\t\t\t\t\t\t\t<img decoding=\"async\" width=\"103\" height=\"70\" src=\"https:\/\/www.rexcontrols.com\/wp-content\/uploads\/2020\/08\/hardware_icon.svg\" class=\"attachment-large size-large wp-image-47\" alt=\"\" \/>\t\t\t\t\t\t\t\t\t\t\t\t\t\t\t<\/div>\n\t\t\t\t<\/div>\n\t\t\t\t<div class=\"elementor-element elementor-element-9972300 elementor-widget elementor-widget-heading\" data-id=\"9972300\" data-element_type=\"widget\" data-widget_type=\"heading.default\">\n\t\t\t\t<div class=\"elementor-widget-container\">\n\t\t\t\t\t<h3 class=\"elementor-heading-title elementor-size-default\"><a href=\"\/cs\/hardware-pro-vestavene-systemy\/\">Hardware <br> pro vestav\u011bn\u00e9 syst\u00e9my<\/a><\/h3>\t\t\t\t<\/div>\n\t\t\t\t<\/div>\n\t\t\t\t\t<\/div>\n\t\t<\/div>\n\t\t\t\t<div data-wts-url=\"\/cs\/mechatronika-a-rizeni-pohybu\/\" data-wts-link=\"yes\" data-wts-new-window=\"\" class=\"elementor-column elementor-col-33 elementor-inner-column elementor-element elementor-element-aa2a0cf ae-link-yes\" data-id=\"aa2a0cf\" data-element_type=\"column\" data-settings=\"{&quot;background_background&quot;:&quot;classic&quot;}\">\n\t\t\t<div class=\"elementor-widget-wrap elementor-element-populated\">\n\t\t\t\t\t\t<div class=\"elementor-element elementor-element-5afef8d elementor-widget elementor-widget-image\" data-id=\"5afef8d\" data-element_type=\"widget\" data-widget_type=\"image.default\">\n\t\t\t\t<div class=\"elementor-widget-container\">\n\t\t\t\t\t\t\t\t\t\t\t\t\t\t\t<img decoding=\"async\" width=\"86\" height=\"80\" src=\"https:\/\/www.rexcontrols.com\/wp-content\/uploads\/2020\/08\/mechatronika_icon.svg\" class=\"attachment-large size-large wp-image-42\" alt=\"\" \/>\t\t\t\t\t\t\t\t\t\t\t\t\t\t\t<\/div>\n\t\t\t\t<\/div>\n\t\t\t\t<div class=\"elementor-element elementor-element-37b2118 elementor-widget elementor-widget-heading\" data-id=\"37b2118\" data-element_type=\"widget\" data-widget_type=\"heading.default\">\n\t\t\t\t<div class=\"elementor-widget-container\">\n\t\t\t\t\t<h3 class=\"elementor-heading-title elementor-size-default\"><a href=\"\/cs\/mechatronika-a-rizeni-pohybu\/\">Mechatronika<br> a&nbsp;\u0159\u00edzen\u00ed pohybu<\/a><\/h3>\t\t\t\t<\/div>\n\t\t\t\t<\/div>\n\t\t\t\t\t<\/div>\n\t\t<\/div>\n\t\t\t\t\t<\/div>\n\t\t<\/section>\n\t\t\t\t\t<\/div>\n\t\t<\/div>\n\t\t\t\t\t<\/div>\n\t\t<\/section>\n\t\t\t\t<section class=\"elementor-section elementor-top-section elementor-element elementor-element-cce3c31 elementor-section-boxed elementor-section-height-default elementor-section-height-default\" data-id=\"cce3c31\" data-element_type=\"section\">\n\t\t\t\t\t\t<div class=\"elementor-container elementor-column-gap-default\">\n\t\t\t\t\t<div class=\"elementor-column elementor-col-100 elementor-top-column elementor-element elementor-element-91452cd\" data-id=\"91452cd\" data-element_type=\"column\">\n\t\t\t<div class=\"elementor-widget-wrap elementor-element-populated\">\n\t\t\t\t\t\t<div class=\"elementor-element elementor-element-efd23b6 elementor-widget elementor-widget-template\" data-id=\"efd23b6\" data-element_type=\"widget\" data-widget_type=\"template.default\">\n\t\t\t\t<div class=\"elementor-widget-container\">\n\t\t\t\t\t\t\t<div class=\"elementor-template\">\n\t\t\t\t\t<div data-elementor-type=\"section\" data-elementor-id=\"109\" class=\"elementor elementor-109\" data-elementor-post-type=\"elementor_library\">\n\t\t\t\t\t<section class=\"elementor-section elementor-top-section elementor-element elementor-element-9a6bfce elementor-section-boxed elementor-section-height-default elementor-section-height-default\" data-id=\"9a6bfce\" data-element_type=\"section\">\n\t\t\t\t\t\t<div class=\"elementor-container elementor-column-gap-default\">\n\t\t\t\t\t<div class=\"elementor-column elementor-col-100 elementor-top-column elementor-element elementor-element-3db288c4\" data-id=\"3db288c4\" data-element_type=\"column\">\n\t\t\t<div class=\"elementor-widget-wrap elementor-element-populated\">\n\t\t\t\t\t\t<div class=\"elementor-element elementor-element-4ea8a226 elementor-widget elementor-widget-heading\" data-id=\"4ea8a226\" data-element_type=\"widget\" data-widget_type=\"heading.default\">\n\t\t\t\t<div class=\"elementor-widget-container\">\n\t\t\t\t\t<h3 class=\"elementor-heading-title elementor-size-default\">M\u00e1te z\u00e1jem o na\u0161e \u0159e\u0161en\u00ed? <br>\nOzv\u011bte se n\u00e1m.<\/h3>\t\t\t\t<\/div>\n\t\t\t\t<\/div>\n\t\t\t\t<div class=\"elementor-element elementor-element-56019822 elementor-align-center elementor-widget elementor-widget-button\" data-id=\"56019822\" data-element_type=\"widget\" data-widget_type=\"button.default\">\n\t\t\t\t<div class=\"elementor-widget-container\">\n\t\t\t\t\t\t\t\t\t<div class=\"elementor-button-wrapper\">\n\t\t\t\t\t<a class=\"elementor-button elementor-button-link elementor-size-sm\" href=\"\/cs\/kontakt\/\">\n\t\t\t\t\t\t<span class=\"elementor-button-content-wrapper\">\n\t\t\t\t\t\t\t\t\t<span class=\"elementor-button-text\">Kontaktovat<\/span>\n\t\t\t\t\t<\/span>\n\t\t\t\t\t<\/a>\n\t\t\t\t<\/div>\n\t\t\t\t\t\t\t\t<\/div>\n\t\t\t\t<\/div>\n\t\t\t\t\t<\/div>\n\t\t<\/div>\n\t\t\t\t\t<\/div>\n\t\t<\/section>\n\t\t\t\t<\/div>\n\t\t\t\t<\/div>\n\t\t\t\t\t\t<\/div>\n\t\t\t\t<\/div>\n\t\t\t\t\t<\/div>\n\t\t<\/div>\n\t\t\t\t\t<\/div>\n\t\t<\/section>\n\t\t\t\t<\/div>\n\t\t","protected":false},"excerpt":{"rendered":"<p>Slu\u017eby Robotika a speci\u00e1ln\u00ed za\u0159\u00edzen\u00ed \u0158e\u0161en\u00ed pro pr\u016fmyslovou automatizaci na kl\u00ed\u010d \u0158\u00edzen\u00ed proces\u016f a autotunery PID Pr\u016fmyslov\u00e9 IOT Hardware pro vestav\u011bn\u00e9 syst\u00e9my Mechatronika a&nbsp;\u0159\u00edzen\u00ed pohybu<\/p>\n","protected":false},"author":1,"featured_media":209,"parent":0,"menu_order":0,"comment_status":"closed","ping_status":"closed","template":"elementor_header_footer","meta":{"footnotes":""},"class_list":["post-14","page","type-page","status-publish","has-post-thumbnail","hentry"],"yoast_head":"<!-- This site is optimized with the Yoast SEO plugin v24.3 - https:\/\/yoast.com\/wordpress\/plugins\/seo\/ -->\n<title>Slu\u017eby | REX Controls<\/title>\n<meta name=\"description\" content=\"Ji\u017e v\u00edce ne\u017e 20 let poskytujeme na\u0161im z\u00e1kazn\u00edk\u016fm komplexn\u00ed a inovativn\u00ed slu\u017eby v oblasti automatizace.\" \/>\n<meta name=\"robots\" content=\"index, follow, max-snippet:-1, max-image-preview:large, max-video-preview:-1\" \/>\n<link rel=\"canonical\" href=\"https:\/\/www.rexcontrols.com\/de\/dienstleistungen\/\" \/>\n<meta property=\"og:locale\" content=\"cs_CZ\" \/>\n<meta property=\"og:type\" content=\"article\" \/>\n<meta property=\"og:title\" content=\"Slu\u017eby | REX Controls\" \/>\n<meta property=\"og:description\" content=\"Ji\u017e v\u00edce ne\u017e 20 let poskytujeme na\u0161im z\u00e1kazn\u00edk\u016fm komplexn\u00ed a inovativn\u00ed slu\u017eby v oblasti automatizace.\" \/>\n<meta property=\"og:url\" content=\"https:\/\/www.rexcontrols.com\/de\/dienstleistungen\/\" \/>\n<meta property=\"og:site_name\" content=\"REX Controls\" \/>\n<meta property=\"article:modified_time\" content=\"2025-11-18T14:41:35+00:00\" \/>\n<meta property=\"og:image\" content=\"https:\/\/www.rexcontrols.com\/wp-content\/uploads\/2020\/08\/mechatronika_1.jpg\" \/>\n\t<meta property=\"og:image:width\" content=\"1600\" \/>\n\t<meta property=\"og:image:height\" content=\"1211\" \/>\n\t<meta property=\"og:image:type\" content=\"image\/jpeg\" \/>\n<meta name=\"twitter:card\" content=\"summary_large_image\" \/>\n<script type=\"application\/ld+json\" class=\"yoast-schema-graph\">{\"@context\":\"https:\/\/schema.org\",\"@graph\":[{\"@type\":\"WebPage\",\"@id\":\"https:\/\/www.rexcontrols.com\/de\/dienstleistungen\/\",\"url\":\"https:\/\/www.rexcontrols.com\/de\/dienstleistungen\/\",\"name\":\"Slu\u017eby | REX Controls\",\"isPartOf\":{\"@id\":\"https:\/\/www.rexcontrols.com\/#website\"},\"primaryImageOfPage\":{\"@id\":\"https:\/\/www.rexcontrols.com\/de\/dienstleistungen\/#primaryimage\"},\"image\":{\"@id\":\"https:\/\/www.rexcontrols.com\/de\/dienstleistungen\/#primaryimage\"},\"thumbnailUrl\":\"https:\/\/www.rexcontrols.com\/wp-content\/uploads\/2020\/08\/mechatronika_1.jpg\",\"datePublished\":\"2020-08-18T07:11:14+00:00\",\"dateModified\":\"2025-11-18T14:41:35+00:00\",\"description\":\"Ji\u017e v\u00edce ne\u017e 20 let poskytujeme na\u0161im z\u00e1kazn\u00edk\u016fm komplexn\u00ed a inovativn\u00ed slu\u017eby v oblasti automatizace.\",\"breadcrumb\":{\"@id\":\"https:\/\/www.rexcontrols.com\/de\/dienstleistungen\/#breadcrumb\"},\"inLanguage\":\"cs\",\"potentialAction\":[{\"@type\":\"ReadAction\",\"target\":[\"https:\/\/www.rexcontrols.com\/de\/dienstleistungen\/\"]}]},{\"@type\":\"ImageObject\",\"inLanguage\":\"cs\",\"@id\":\"https:\/\/www.rexcontrols.com\/de\/dienstleistungen\/#primaryimage\",\"url\":\"https:\/\/www.rexcontrols.com\/wp-content\/uploads\/2020\/08\/mechatronika_1.jpg\",\"contentUrl\":\"https:\/\/www.rexcontrols.com\/wp-content\/uploads\/2020\/08\/mechatronika_1.jpg\",\"width\":1600,\"height\":1211,\"caption\":\"Mechatronika\"},{\"@type\":\"BreadcrumbList\",\"@id\":\"https:\/\/www.rexcontrols.com\/de\/dienstleistungen\/#breadcrumb\",\"itemListElement\":[{\"@type\":\"ListItem\",\"position\":1,\"name\":\"Dom\u016f\",\"item\":\"https:\/\/www.rexcontrols.com\/cs\/\"},{\"@type\":\"ListItem\",\"position\":2,\"name\":\"Slu\u017eby\"}]},{\"@type\":\"WebSite\",\"@id\":\"https:\/\/www.rexcontrols.com\/#website\",\"url\":\"https:\/\/www.rexcontrols.com\/\",\"name\":\"REX Controls\",\"description\":\"Pokro\u010dil\u00e1 automatizace, m\u011b\u0159en\u00ed a regulace\",\"publisher\":{\"@id\":\"https:\/\/www.rexcontrols.com\/#organization\"},\"potentialAction\":[{\"@type\":\"SearchAction\",\"target\":{\"@type\":\"EntryPoint\",\"urlTemplate\":\"https:\/\/www.rexcontrols.com\/?s={search_term_string}\"},\"query-input\":{\"@type\":\"PropertyValueSpecification\",\"valueRequired\":true,\"valueName\":\"search_term_string\"}}],\"inLanguage\":\"cs\"},{\"@type\":\"Organization\",\"@id\":\"https:\/\/www.rexcontrols.com\/#organization\",\"name\":\"REX Controls\",\"url\":\"https:\/\/www.rexcontrols.com\/\",\"logo\":{\"@type\":\"ImageObject\",\"inLanguage\":\"cs\",\"@id\":\"https:\/\/www.rexcontrols.com\/#\/schema\/logo\/image\/\",\"url\":\"https:\/\/www.rexcontrols.com\/wp-content\/uploads\/2020\/08\/logo_color.svg\",\"contentUrl\":\"https:\/\/www.rexcontrols.com\/wp-content\/uploads\/2020\/08\/logo_color.svg\",\"width\":160,\"height\":50,\"caption\":\"REX Controls\"},\"image\":{\"@id\":\"https:\/\/www.rexcontrols.com\/#\/schema\/logo\/image\/\"}}]}<\/script>\n<!-- \/ Yoast SEO plugin. -->","yoast_head_json":{"title":"Slu\u017eby | REX Controls","description":"Ji\u017e v\u00edce ne\u017e 20 let poskytujeme na\u0161im z\u00e1kazn\u00edk\u016fm komplexn\u00ed a inovativn\u00ed slu\u017eby v oblasti automatizace.","robots":{"index":"index","follow":"follow","max-snippet":"max-snippet:-1","max-image-preview":"max-image-preview:large","max-video-preview":"max-video-preview:-1"},"canonical":"https:\/\/www.rexcontrols.com\/de\/dienstleistungen\/","og_locale":"cs_CZ","og_type":"article","og_title":"Slu\u017eby | REX Controls","og_description":"Ji\u017e v\u00edce ne\u017e 20 let poskytujeme na\u0161im z\u00e1kazn\u00edk\u016fm komplexn\u00ed a inovativn\u00ed slu\u017eby v oblasti automatizace.","og_url":"https:\/\/www.rexcontrols.com\/de\/dienstleistungen\/","og_site_name":"REX Controls","article_modified_time":"2025-11-18T14:41:35+00:00","og_image":[{"width":1600,"height":1211,"url":"https:\/\/www.rexcontrols.com\/wp-content\/uploads\/2020\/08\/mechatronika_1.jpg","type":"image\/jpeg"}],"twitter_card":"summary_large_image","schema":{"@context":"https:\/\/schema.org","@graph":[{"@type":"WebPage","@id":"https:\/\/www.rexcontrols.com\/de\/dienstleistungen\/","url":"https:\/\/www.rexcontrols.com\/de\/dienstleistungen\/","name":"Slu\u017eby | REX Controls","isPartOf":{"@id":"https:\/\/www.rexcontrols.com\/#website"},"primaryImageOfPage":{"@id":"https:\/\/www.rexcontrols.com\/de\/dienstleistungen\/#primaryimage"},"image":{"@id":"https:\/\/www.rexcontrols.com\/de\/dienstleistungen\/#primaryimage"},"thumbnailUrl":"https:\/\/www.rexcontrols.com\/wp-content\/uploads\/2020\/08\/mechatronika_1.jpg","datePublished":"2020-08-18T07:11:14+00:00","dateModified":"2025-11-18T14:41:35+00:00","description":"Ji\u017e v\u00edce ne\u017e 20 let poskytujeme na\u0161im z\u00e1kazn\u00edk\u016fm komplexn\u00ed a inovativn\u00ed slu\u017eby v oblasti automatizace.","breadcrumb":{"@id":"https:\/\/www.rexcontrols.com\/de\/dienstleistungen\/#breadcrumb"},"inLanguage":"cs","potentialAction":[{"@type":"ReadAction","target":["https:\/\/www.rexcontrols.com\/de\/dienstleistungen\/"]}]},{"@type":"ImageObject","inLanguage":"cs","@id":"https:\/\/www.rexcontrols.com\/de\/dienstleistungen\/#primaryimage","url":"https:\/\/www.rexcontrols.com\/wp-content\/uploads\/2020\/08\/mechatronika_1.jpg","contentUrl":"https:\/\/www.rexcontrols.com\/wp-content\/uploads\/2020\/08\/mechatronika_1.jpg","width":1600,"height":1211,"caption":"Mechatronika"},{"@type":"BreadcrumbList","@id":"https:\/\/www.rexcontrols.com\/de\/dienstleistungen\/#breadcrumb","itemListElement":[{"@type":"ListItem","position":1,"name":"Dom\u016f","item":"https:\/\/www.rexcontrols.com\/cs\/"},{"@type":"ListItem","position":2,"name":"Slu\u017eby"}]},{"@type":"WebSite","@id":"https:\/\/www.rexcontrols.com\/#website","url":"https:\/\/www.rexcontrols.com\/","name":"REX Controls","description":"Pokro\u010dil\u00e1 automatizace, m\u011b\u0159en\u00ed a regulace","publisher":{"@id":"https:\/\/www.rexcontrols.com\/#organization"},"potentialAction":[{"@type":"SearchAction","target":{"@type":"EntryPoint","urlTemplate":"https:\/\/www.rexcontrols.com\/?s={search_term_string}"},"query-input":{"@type":"PropertyValueSpecification","valueRequired":true,"valueName":"search_term_string"}}],"inLanguage":"cs"},{"@type":"Organization","@id":"https:\/\/www.rexcontrols.com\/#organization","name":"REX Controls","url":"https:\/\/www.rexcontrols.com\/","logo":{"@type":"ImageObject","inLanguage":"cs","@id":"https:\/\/www.rexcontrols.com\/#\/schema\/logo\/image\/","url":"https:\/\/www.rexcontrols.com\/wp-content\/uploads\/2020\/08\/logo_color.svg","contentUrl":"https:\/\/www.rexcontrols.com\/wp-content\/uploads\/2020\/08\/logo_color.svg","width":160,"height":50,"caption":"REX Controls"},"image":{"@id":"https:\/\/www.rexcontrols.com\/#\/schema\/logo\/image\/"}}]}},"_links":{"self":[{"href":"https:\/\/www.rexcontrols.com\/cs\/wp-json\/wp\/v2\/pages\/14","targetHints":{"allow":["GET"]}}],"collection":[{"href":"https:\/\/www.rexcontrols.com\/cs\/wp-json\/wp\/v2\/pages"}],"about":[{"href":"https:\/\/www.rexcontrols.com\/cs\/wp-json\/wp\/v2\/types\/page"}],"author":[{"embeddable":true,"href":"https:\/\/www.rexcontrols.com\/cs\/wp-json\/wp\/v2\/users\/1"}],"replies":[{"embeddable":true,"href":"https:\/\/www.rexcontrols.com\/cs\/wp-json\/wp\/v2\/comments?post=14"}],"version-history":[{"count":0,"href":"https:\/\/www.rexcontrols.com\/cs\/wp-json\/wp\/v2\/pages\/14\/revisions"}],"wp:featuredmedia":[{"embeddable":true,"href":"https:\/\/www.rexcontrols.com\/cs\/wp-json\/wp\/v2\/media\/209"}],"wp:attachment":[{"href":"https:\/\/www.rexcontrols.com\/cs\/wp-json\/wp\/v2\/media?parent=14"}],"curies":[{"name":"wp","href":"https:\/\/api.w.org\/{rel}","templated":true}]}}