

{"id":145,"date":"2020-08-19T08:28:14","date_gmt":"2020-08-19T06:28:14","guid":{"rendered":"https:\/\/www2.rexcontrols.com\/?page_id=145"},"modified":"2025-12-11T13:04:30","modified_gmt":"2025-12-11T12:04:30","slug":"rizeni-procesu-a-autotunery-pid","status":"publish","type":"page","link":"https:\/\/www.rexcontrols.com\/cs\/rizeni-procesu-a-autotunery-pid\/","title":{"rendered":"\u0158\u00edzen\u00ed proces\u016f a autotunery PID"},"content":{"rendered":"\t\t<div data-elementor-type=\"wp-page\" data-elementor-id=\"145\" class=\"elementor elementor-145\" data-elementor-post-type=\"page\">\n\t\t\t\t\t\t<section class=\"elementor-section elementor-top-section elementor-element elementor-element-b9b0b12 elementor-section-boxed elementor-section-height-default elementor-section-height-default\" data-id=\"b9b0b12\" data-element_type=\"section\" data-settings=\"{&quot;background_background&quot;:&quot;classic&quot;}\">\n\t\t\t\t\t\t<div class=\"elementor-container elementor-column-gap-default\">\n\t\t\t\t\t<div class=\"elementor-column elementor-col-50 elementor-top-column elementor-element elementor-element-5d9ea8e\" data-id=\"5d9ea8e\" data-element_type=\"column\">\n\t\t\t<div class=\"elementor-widget-wrap elementor-element-populated\">\n\t\t\t\t\t\t<div class=\"elementor-element elementor-element-6da6db1 elementor-widget elementor-widget-image\" data-id=\"6da6db1\" data-element_type=\"widget\" data-widget_type=\"image.default\">\n\t\t\t\t<div class=\"elementor-widget-container\">\n\t\t\t\t\t\t\t\t\t\t\t\t\t\t\t<img decoding=\"async\" width=\"130\" height=\"57\" src=\"https:\/\/www.rexcontrols.com\/wp-content\/uploads\/2020\/09\/pid_icon.svg\" class=\"attachment-large size-large wp-image-221\" alt=\"\" \/>\t\t\t\t\t\t\t\t\t\t\t\t\t\t\t<\/div>\n\t\t\t\t<\/div>\n\t\t\t\t\t<\/div>\n\t\t<\/div>\n\t\t\t\t<div class=\"elementor-column elementor-col-50 elementor-top-column elementor-element elementor-element-bd907cb\" data-id=\"bd907cb\" data-element_type=\"column\">\n\t\t\t<div class=\"elementor-widget-wrap elementor-element-populated\">\n\t\t\t\t\t\t<div class=\"elementor-element elementor-element-ba8b00b elementor-widget elementor-widget-heading\" data-id=\"ba8b00b\" data-element_type=\"widget\" data-widget_type=\"heading.default\">\n\t\t\t\t<div class=\"elementor-widget-container\">\n\t\t\t\t\t<h1 class=\"elementor-heading-title elementor-size-default\">\u0158\u00edzen\u00ed proces\u016f<br> \na&nbsp;autotunery PID<\/h1>\t\t\t\t<\/div>\n\t\t\t\t<\/div>\n\t\t\t\t\t<\/div>\n\t\t<\/div>\n\t\t\t\t\t<\/div>\n\t\t<\/section>\n\t\t\t\t<section class=\"elementor-section elementor-top-section elementor-element elementor-element-bb35259 elementor-section-boxed elementor-section-height-default elementor-section-height-default\" data-id=\"bb35259\" data-element_type=\"section\">\n\t\t\t\t\t\t<div class=\"elementor-container elementor-column-gap-default\">\n\t\t\t\t\t<div class=\"elementor-column elementor-col-50 elementor-top-column elementor-element elementor-element-98548c7\" data-id=\"98548c7\" data-element_type=\"column\">\n\t\t\t<div class=\"elementor-widget-wrap elementor-element-populated\">\n\t\t\t\t\t\t<div class=\"elementor-element elementor-element-df9bf9b elementor-widget elementor-widget-text-editor\" data-id=\"df9bf9b\" data-element_type=\"widget\" data-widget_type=\"text-editor.default\">\n\t\t\t\t<div class=\"elementor-widget-container\">\n\t\t\t\t\t\t\t\t\t<p><span style=\"font-weight: 400;\">PID-autotuner je n\u00e1vrhov\u00fd n\u00e1stroj, kter\u00fd automaticky ur\u010d\u00ed parametry regul\u00e1toru PID na z\u00e1klad\u011b odezvy \u0159\u00edzen\u00e9ho procesu na vhodn\u00fd vstupn\u00ed testovac\u00ed sign\u00e1l. C\u00edlem je dos\u00e1hnout nejlep\u0161\u00ed mo\u017en\u00e9 kvality \u0159\u00edzen\u00ed p\u0159i spln\u011bn\u00ed zadan\u00fdch vedlej\u0161\u00edch po\u017eadavk\u016f na regula\u010dn\u00ed smy\u010dku. Proto\u017ee ru\u010dn\u00ed nalad\u011bn\u00ed regul\u00e1toru PID je \u010dasov\u011b velmi n\u00e1ro\u010dn\u00e9 a u pomal\u00fdch proces\u016f dokonce prakticky neprovediteln\u00e9, mnoho regul\u00e1tor\u016f PID je \u0161patn\u011b nastaven\u00fdch (\u010dasto jsou dokonce pou\u017eit\u00e9 v\u00fdchoz\u00ed parametry bez p\u0159\u00edslu\u0161n\u00e9ho nalad\u011bn\u00ed). \u0160patn\u011b nalad\u011bn\u00e9 parametry regul\u00e1toru vedou nejen k m\u00e9n\u011b kvalitn\u00edmu \u0159\u00edzen\u00ed procesu, ale nez\u0159\u00eddka mohou tak\u00e9 zp\u016fsobit nep\u0159edv\u00eddateln\u00e9 chov\u00e1n\u00ed zp\u011btnovazebn\u00ed smy\u010dky a nezanedbateln\u00e9 ekonomick\u00e9 ztr\u00e1ty. Kvalitn\u00ed PID-autotuner je velmi u\u017eite\u010dn\u00fd p\u0159i nastavov\u00e1n\u00ed a \u00fadr\u017eb\u011b regula\u010dn\u00edch syst\u00e9m\u016f.<\/span><\/p>\t\t\t\t\t\t\t\t<\/div>\n\t\t\t\t<\/div>\n\t\t\t\t<div class=\"elementor-element elementor-element-4db2a89 elementor-widget elementor-widget-text-editor\" data-id=\"4db2a89\" data-element_type=\"widget\" data-widget_type=\"text-editor.default\">\n\t\t\t\t<div class=\"elementor-widget-container\">\n\t\t\t\t\t\t\t\t\t<h4 class=\"elementor-heading-title elementor-size-default\"><span style=\"color: #0074c5;\"><a style=\"color: #0074c5;\" href=\"https:\/\/www.rexcontrols.com\/cs\/funkcni-blok-pudma-a-pidmax\/\">Funk\u010dn\u00ed blok PIDMA a PIDMAX<\/a><\/span><\/h4><p>\u00a0<\/p><h4 class=\"elementor-heading-title elementor-size-default\"><span style=\"color: #0074c5;\"><a style=\"color: #0074c5;\" href=\"https:\/\/www.rexcontrols.com\/cs\/tiatuner-program\/\">Program TiaTuner<\/a><\/span><\/h4><p>\u00a0<\/p><h4 class=\"elementor-heading-title elementor-size-default\"><span style=\"color: #0074c5;\"><a style=\"color: #0074c5;\" href=\"https:\/\/www.rexcontrols.com\/cs\/pid-h%e2%88%9e-designer-2\/\">PID H<sub>\u221e <\/sub>Designer<\/a><\/span><\/h4>\t\t\t\t\t\t\t\t<\/div>\n\t\t\t\t<\/div>\n\t\t\t\t\t<\/div>\n\t\t<\/div>\n\t\t\t\t<div class=\"elementor-column elementor-col-50 elementor-top-column elementor-element elementor-element-775216a service-border\" data-id=\"775216a\" data-element_type=\"column\">\n\t\t\t<div class=\"elementor-widget-wrap elementor-element-populated\">\n\t\t\t\t\t\t<div class=\"elementor-element elementor-element-cc893e5 elementor-widget elementor-widget-heading\" data-id=\"cc893e5\" data-element_type=\"widget\" data-widget_type=\"heading.default\">\n\t\t\t\t<div class=\"elementor-widget-container\">\n\t\t\t\t\t<h3 class=\"elementor-heading-title elementor-size-default\">Dal\u0161\u00ed slu\u017eby<\/h3>\t\t\t\t<\/div>\n\t\t\t\t<\/div>\n\t\t\t\t<div class=\"elementor-element elementor-element-0ae9744 service-links elementor-icon-list--layout-traditional elementor-list-item-link-full_width elementor-widget elementor-widget-icon-list\" data-id=\"0ae9744\" data-element_type=\"widget\" data-widget_type=\"icon-list.default\">\n\t\t\t\t<div class=\"elementor-widget-container\">\n\t\t\t\t\t\t\t<ul class=\"elementor-icon-list-items\">\n\t\t\t\t\t\t\t<li class=\"elementor-icon-list-item\">\n\t\t\t\t\t\t\t\t\t\t\t<a href=\"\/cs\/robotika-a-specialni-zarizeni\/\">\n\n\t\t\t\t\t\t\t\t\t\t\t<span class=\"elementor-icon-list-text\">Robotika a&nbsp; speci\u00e1ln\u00ed za\u0159\u00edzen\u00ed<\/span>\n\t\t\t\t\t\t\t\t\t\t\t<\/a>\n\t\t\t\t\t\t\t\t\t<\/li>\n\t\t\t\t\t\t\t\t<li class=\"elementor-icon-list-item\">\n\t\t\t\t\t\t\t\t\t\t\t<a href=\"\/cs\/reseni-pro-prumyslovou-automatizaci-na-klic\/\">\n\n\t\t\t\t\t\t\t\t\t\t\t<span class=\"elementor-icon-list-text\">\u0158e\u0161en\u00ed pro&nbsp;pr\u016fmyslovou automatizaci na kl\u00ed\u010d<\/span>\n\t\t\t\t\t\t\t\t\t\t\t<\/a>\n\t\t\t\t\t\t\t\t\t<\/li>\n\t\t\t\t\t\t\t\t<li class=\"elementor-icon-list-item\">\n\t\t\t\t\t\t\t\t\t\t\t<a href=\"\/cs\/prumyslove-iot\/\">\n\n\t\t\t\t\t\t\t\t\t\t\t<span class=\"elementor-icon-list-text\">Pr\u016fmyslov\u00e9 IOT<\/span>\n\t\t\t\t\t\t\t\t\t\t\t<\/a>\n\t\t\t\t\t\t\t\t\t<\/li>\n\t\t\t\t\t\t\t\t<li class=\"elementor-icon-list-item\">\n\t\t\t\t\t\t\t\t\t\t\t<a href=\"\/cs\/hardware-pro-vestavene-systemy\/\">\n\n\t\t\t\t\t\t\t\t\t\t\t<span class=\"elementor-icon-list-text\">Hardware pro&nbsp;vestav\u011bn\u00e9 syst\u00e9my<\/span>\n\t\t\t\t\t\t\t\t\t\t\t<\/a>\n\t\t\t\t\t\t\t\t\t<\/li>\n\t\t\t\t\t\t\t\t<li class=\"elementor-icon-list-item\">\n\t\t\t\t\t\t\t\t\t\t\t<a href=\"\/cs\/mechatronika-a-rizeni-pohybu\/\">\n\n\t\t\t\t\t\t\t\t\t\t\t<span class=\"elementor-icon-list-text\">Mechatronika a&nbsp;\u0159\u00edzen\u00ed pohybu<\/span>\n\t\t\t\t\t\t\t\t\t\t\t<\/a>\n\t\t\t\t\t\t\t\t\t<\/li>\n\t\t\t\t\t\t<\/ul>\n\t\t\t\t\t\t<\/div>\n\t\t\t\t<\/div>\n\t\t\t\t\t<\/div>\n\t\t<\/div>\n\t\t\t\t\t<\/div>\n\t\t<\/section>\n\t\t\t\t<section class=\"elementor-section elementor-top-section elementor-element elementor-element-320ce87 elementor-section-boxed elementor-section-height-default elementor-section-height-default\" data-id=\"320ce87\" data-element_type=\"section\" data-settings=\"{&quot;background_background&quot;:&quot;classic&quot;}\">\n\t\t\t\t\t\t<div class=\"elementor-container elementor-column-gap-default\">\n\t\t\t\t\t<div class=\"elementor-column elementor-col-100 elementor-top-column elementor-element elementor-element-228eba1\" data-id=\"228eba1\" data-element_type=\"column\">\n\t\t\t<div class=\"elementor-widget-wrap elementor-element-populated\">\n\t\t\t\t\t\t<div class=\"elementor-element elementor-element-638cd06 elementor-widget elementor-widget-template\" data-id=\"638cd06\" data-element_type=\"widget\" data-widget_type=\"template.default\">\n\t\t\t\t<div class=\"elementor-widget-container\">\n\t\t\t\t\t\t\t<div class=\"elementor-template\">\n\t\t\t\t\t<div data-elementor-type=\"section\" data-elementor-id=\"109\" class=\"elementor elementor-109\" data-elementor-post-type=\"elementor_library\">\n\t\t\t\t\t<section class=\"elementor-section elementor-top-section elementor-element elementor-element-9a6bfce elementor-section-boxed elementor-section-height-default elementor-section-height-default\" data-id=\"9a6bfce\" data-element_type=\"section\">\n\t\t\t\t\t\t<div class=\"elementor-container elementor-column-gap-default\">\n\t\t\t\t\t<div class=\"elementor-column elementor-col-100 elementor-top-column elementor-element elementor-element-3db288c4\" data-id=\"3db288c4\" data-element_type=\"column\">\n\t\t\t<div class=\"elementor-widget-wrap elementor-element-populated\">\n\t\t\t\t\t\t<div class=\"elementor-element elementor-element-4ea8a226 elementor-widget elementor-widget-heading\" data-id=\"4ea8a226\" data-element_type=\"widget\" data-widget_type=\"heading.default\">\n\t\t\t\t<div class=\"elementor-widget-container\">\n\t\t\t\t\t<h3 class=\"elementor-heading-title elementor-size-default\">M\u00e1te z\u00e1jem o na\u0161e \u0159e\u0161en\u00ed? <br>\nOzv\u011bte se n\u00e1m.<\/h3>\t\t\t\t<\/div>\n\t\t\t\t<\/div>\n\t\t\t\t<div class=\"elementor-element elementor-element-56019822 elementor-align-center elementor-widget elementor-widget-button\" data-id=\"56019822\" data-element_type=\"widget\" data-widget_type=\"button.default\">\n\t\t\t\t<div class=\"elementor-widget-container\">\n\t\t\t\t\t\t\t\t\t<div class=\"elementor-button-wrapper\">\n\t\t\t\t\t<a class=\"elementor-button elementor-button-link elementor-size-sm\" href=\"\/cs\/kontakt\/\">\n\t\t\t\t\t\t<span class=\"elementor-button-content-wrapper\">\n\t\t\t\t\t\t\t\t\t<span class=\"elementor-button-text\">Kontaktovat<\/span>\n\t\t\t\t\t<\/span>\n\t\t\t\t\t<\/a>\n\t\t\t\t<\/div>\n\t\t\t\t\t\t\t\t<\/div>\n\t\t\t\t<\/div>\n\t\t\t\t\t<\/div>\n\t\t<\/div>\n\t\t\t\t\t<\/div>\n\t\t<\/section>\n\t\t\t\t<\/div>\n\t\t\t\t<\/div>\n\t\t\t\t\t\t<\/div>\n\t\t\t\t<\/div>\n\t\t\t\t\t<\/div>\n\t\t<\/div>\n\t\t\t\t\t<\/div>\n\t\t<\/section>\n\t\t\t\t<\/div>\n\t\t","protected":false},"excerpt":{"rendered":"<p>\u0158\u00edzen\u00ed proces\u016f a&nbsp;autotunery PID PID-autotuner je n\u00e1vrhov\u00fd n\u00e1stroj, kter\u00fd automaticky ur\u010d\u00ed parametry regul\u00e1toru PID na z\u00e1klad\u011b odezvy \u0159\u00edzen\u00e9ho procesu na vhodn\u00fd vstupn\u00ed testovac\u00ed sign\u00e1l. C\u00edlem je dos\u00e1hnout nejlep\u0161\u00ed mo\u017en\u00e9 kvality \u0159\u00edzen\u00ed p\u0159i spln\u011bn\u00ed zadan\u00fdch vedlej\u0161\u00edch po\u017eadavk\u016f na regula\u010dn\u00ed smy\u010dku. Proto\u017ee ru\u010dn\u00ed nalad\u011bn\u00ed regul\u00e1toru PID je \u010dasov\u011b velmi n\u00e1ro\u010dn\u00e9 a u pomal\u00fdch proces\u016f dokonce prakticky neprovediteln\u00e9, [&hellip;]<\/p>\n","protected":false},"author":1,"featured_media":0,"parent":0,"menu_order":0,"comment_status":"closed","ping_status":"closed","template":"elementor_header_footer","meta":{"footnotes":""},"class_list":["post-145","page","type-page","status-publish","hentry"],"yoast_head":"<!-- This site is optimized with the Yoast SEO plugin v24.3 - https:\/\/yoast.com\/wordpress\/plugins\/seo\/ -->\n<title>\u0158\u00edzen\u00ed proces\u016f a autotunery PID | REX Controls<\/title>\n<meta name=\"description\" content=\"PID-autotuner je n\u00e1vrhov\u00fd n\u00e1stroj, kter\u00fd automaticky ur\u010d\u00ed parametry PID regul\u00e1toru na z\u00e1klad\u011b odezvy \u0159\u00edzen\u00e9ho procesu na vhodn\u00fd vstupn\u00ed testovac\u00ed sign\u00e1l.\" \/>\n<meta name=\"robots\" content=\"index, follow, max-snippet:-1, max-image-preview:large, max-video-preview:-1\" \/>\n<link rel=\"canonical\" href=\"https:\/\/www.rexcontrols.com\/process-control-and-pid-autotuners\/\" \/>\n<meta property=\"og:locale\" content=\"cs_CZ\" \/>\n<meta property=\"og:type\" content=\"article\" \/>\n<meta property=\"og:title\" content=\"\u0158\u00edzen\u00ed proces\u016f a autotunery PID | REX Controls\" \/>\n<meta property=\"og:description\" content=\"PID-autotuner je n\u00e1vrhov\u00fd n\u00e1stroj, kter\u00fd automaticky ur\u010d\u00ed parametry PID regul\u00e1toru na z\u00e1klad\u011b odezvy \u0159\u00edzen\u00e9ho procesu na vhodn\u00fd vstupn\u00ed testovac\u00ed sign\u00e1l.\" \/>\n<meta property=\"og:url\" content=\"https:\/\/www.rexcontrols.com\/process-control-and-pid-autotuners\/\" \/>\n<meta property=\"og:site_name\" content=\"REX Controls\" \/>\n<meta property=\"article:modified_time\" content=\"2025-12-11T12:04:30+00:00\" \/>\n<meta property=\"og:image\" content=\"https:\/\/www.rexcontrols.com\/wp-content\/uploads\/2020\/08\/og_image.png\" \/>\n\t<meta property=\"og:image:width\" content=\"570\" \/>\n\t<meta property=\"og:image:height\" content=\"405\" \/>\n\t<meta property=\"og:image:type\" content=\"image\/png\" \/>\n<meta name=\"twitter:card\" content=\"summary_large_image\" \/>\n<meta name=\"twitter:label1\" content=\"Odhadovan\u00e1 doba \u010dten\u00ed\" \/>\n\t<meta name=\"twitter:data1\" content=\"2 minuty\" \/>\n<script type=\"application\/ld+json\" class=\"yoast-schema-graph\">{\"@context\":\"https:\/\/schema.org\",\"@graph\":[{\"@type\":\"WebPage\",\"@id\":\"https:\/\/www.rexcontrols.com\/process-control-and-pid-autotuners\/\",\"url\":\"https:\/\/www.rexcontrols.com\/process-control-and-pid-autotuners\/\",\"name\":\"\u0158\u00edzen\u00ed proces\u016f a autotunery PID | REX Controls\",\"isPartOf\":{\"@id\":\"https:\/\/www.rexcontrols.com\/#website\"},\"primaryImageOfPage\":{\"@id\":\"https:\/\/www.rexcontrols.com\/process-control-and-pid-autotuners\/#primaryimage\"},\"image\":{\"@id\":\"https:\/\/www.rexcontrols.com\/process-control-and-pid-autotuners\/#primaryimage\"},\"thumbnailUrl\":\"https:\/\/www.rexcontrols.com\/wp-content\/uploads\/2020\/09\/pid_icon.svg\",\"datePublished\":\"2020-08-19T06:28:14+00:00\",\"dateModified\":\"2025-12-11T12:04:30+00:00\",\"description\":\"PID-autotuner je n\u00e1vrhov\u00fd n\u00e1stroj, kter\u00fd automaticky ur\u010d\u00ed parametry PID regul\u00e1toru na z\u00e1klad\u011b odezvy \u0159\u00edzen\u00e9ho procesu na vhodn\u00fd vstupn\u00ed testovac\u00ed sign\u00e1l.\",\"breadcrumb\":{\"@id\":\"https:\/\/www.rexcontrols.com\/process-control-and-pid-autotuners\/#breadcrumb\"},\"inLanguage\":\"cs\",\"potentialAction\":[{\"@type\":\"ReadAction\",\"target\":[\"https:\/\/www.rexcontrols.com\/process-control-and-pid-autotuners\/\"]}]},{\"@type\":\"ImageObject\",\"inLanguage\":\"cs\",\"@id\":\"https:\/\/www.rexcontrols.com\/process-control-and-pid-autotuners\/#primaryimage\",\"url\":\"https:\/\/www.rexcontrols.com\/wp-content\/uploads\/2020\/09\/pid_icon.svg\",\"contentUrl\":\"https:\/\/www.rexcontrols.com\/wp-content\/uploads\/2020\/09\/pid_icon.svg\"},{\"@type\":\"BreadcrumbList\",\"@id\":\"https:\/\/www.rexcontrols.com\/process-control-and-pid-autotuners\/#breadcrumb\",\"itemListElement\":[{\"@type\":\"ListItem\",\"position\":1,\"name\":\"Dom\u016f\",\"item\":\"https:\/\/www.rexcontrols.com\/cs\/\"},{\"@type\":\"ListItem\",\"position\":2,\"name\":\"\u0158\u00edzen\u00ed proces\u016f a autotunery PID\"}]},{\"@type\":\"WebSite\",\"@id\":\"https:\/\/www.rexcontrols.com\/#website\",\"url\":\"https:\/\/www.rexcontrols.com\/\",\"name\":\"REX Controls\",\"description\":\"Pokro\u010dil\u00e1 automatizace, m\u011b\u0159en\u00ed a regulace\",\"publisher\":{\"@id\":\"https:\/\/www.rexcontrols.com\/#organization\"},\"potentialAction\":[{\"@type\":\"SearchAction\",\"target\":{\"@type\":\"EntryPoint\",\"urlTemplate\":\"https:\/\/www.rexcontrols.com\/?s={search_term_string}\"},\"query-input\":{\"@type\":\"PropertyValueSpecification\",\"valueRequired\":true,\"valueName\":\"search_term_string\"}}],\"inLanguage\":\"cs\"},{\"@type\":\"Organization\",\"@id\":\"https:\/\/www.rexcontrols.com\/#organization\",\"name\":\"REX Controls\",\"url\":\"https:\/\/www.rexcontrols.com\/\",\"logo\":{\"@type\":\"ImageObject\",\"inLanguage\":\"cs\",\"@id\":\"https:\/\/www.rexcontrols.com\/#\/schema\/logo\/image\/\",\"url\":\"https:\/\/www.rexcontrols.com\/wp-content\/uploads\/2020\/08\/logo_color.svg\",\"contentUrl\":\"https:\/\/www.rexcontrols.com\/wp-content\/uploads\/2020\/08\/logo_color.svg\",\"width\":160,\"height\":50,\"caption\":\"REX Controls\"},\"image\":{\"@id\":\"https:\/\/www.rexcontrols.com\/#\/schema\/logo\/image\/\"}}]}<\/script>\n<!-- \/ Yoast SEO plugin. -->","yoast_head_json":{"title":"\u0158\u00edzen\u00ed proces\u016f a autotunery PID | REX Controls","description":"PID-autotuner je n\u00e1vrhov\u00fd n\u00e1stroj, kter\u00fd automaticky ur\u010d\u00ed parametry PID regul\u00e1toru na z\u00e1klad\u011b odezvy \u0159\u00edzen\u00e9ho procesu na vhodn\u00fd vstupn\u00ed testovac\u00ed sign\u00e1l.","robots":{"index":"index","follow":"follow","max-snippet":"max-snippet:-1","max-image-preview":"max-image-preview:large","max-video-preview":"max-video-preview:-1"},"canonical":"https:\/\/www.rexcontrols.com\/process-control-and-pid-autotuners\/","og_locale":"cs_CZ","og_type":"article","og_title":"\u0158\u00edzen\u00ed proces\u016f a autotunery PID | REX Controls","og_description":"PID-autotuner je n\u00e1vrhov\u00fd n\u00e1stroj, kter\u00fd automaticky ur\u010d\u00ed parametry PID regul\u00e1toru na z\u00e1klad\u011b odezvy \u0159\u00edzen\u00e9ho procesu na vhodn\u00fd vstupn\u00ed testovac\u00ed sign\u00e1l.","og_url":"https:\/\/www.rexcontrols.com\/process-control-and-pid-autotuners\/","og_site_name":"REX Controls","article_modified_time":"2025-12-11T12:04:30+00:00","og_image":[{"width":570,"height":405,"url":"https:\/\/www.rexcontrols.com\/wp-content\/uploads\/2020\/08\/og_image.png","type":"image\/png"}],"twitter_card":"summary_large_image","twitter_misc":{"Odhadovan\u00e1 doba \u010dten\u00ed":"2 minuty"},"schema":{"@context":"https:\/\/schema.org","@graph":[{"@type":"WebPage","@id":"https:\/\/www.rexcontrols.com\/process-control-and-pid-autotuners\/","url":"https:\/\/www.rexcontrols.com\/process-control-and-pid-autotuners\/","name":"\u0158\u00edzen\u00ed proces\u016f a autotunery PID | REX Controls","isPartOf":{"@id":"https:\/\/www.rexcontrols.com\/#website"},"primaryImageOfPage":{"@id":"https:\/\/www.rexcontrols.com\/process-control-and-pid-autotuners\/#primaryimage"},"image":{"@id":"https:\/\/www.rexcontrols.com\/process-control-and-pid-autotuners\/#primaryimage"},"thumbnailUrl":"https:\/\/www.rexcontrols.com\/wp-content\/uploads\/2020\/09\/pid_icon.svg","datePublished":"2020-08-19T06:28:14+00:00","dateModified":"2025-12-11T12:04:30+00:00","description":"PID-autotuner je n\u00e1vrhov\u00fd n\u00e1stroj, kter\u00fd automaticky ur\u010d\u00ed parametry PID regul\u00e1toru na z\u00e1klad\u011b odezvy \u0159\u00edzen\u00e9ho procesu na vhodn\u00fd vstupn\u00ed testovac\u00ed sign\u00e1l.","breadcrumb":{"@id":"https:\/\/www.rexcontrols.com\/process-control-and-pid-autotuners\/#breadcrumb"},"inLanguage":"cs","potentialAction":[{"@type":"ReadAction","target":["https:\/\/www.rexcontrols.com\/process-control-and-pid-autotuners\/"]}]},{"@type":"ImageObject","inLanguage":"cs","@id":"https:\/\/www.rexcontrols.com\/process-control-and-pid-autotuners\/#primaryimage","url":"https:\/\/www.rexcontrols.com\/wp-content\/uploads\/2020\/09\/pid_icon.svg","contentUrl":"https:\/\/www.rexcontrols.com\/wp-content\/uploads\/2020\/09\/pid_icon.svg"},{"@type":"BreadcrumbList","@id":"https:\/\/www.rexcontrols.com\/process-control-and-pid-autotuners\/#breadcrumb","itemListElement":[{"@type":"ListItem","position":1,"name":"Dom\u016f","item":"https:\/\/www.rexcontrols.com\/cs\/"},{"@type":"ListItem","position":2,"name":"\u0158\u00edzen\u00ed proces\u016f a autotunery PID"}]},{"@type":"WebSite","@id":"https:\/\/www.rexcontrols.com\/#website","url":"https:\/\/www.rexcontrols.com\/","name":"REX Controls","description":"Pokro\u010dil\u00e1 automatizace, m\u011b\u0159en\u00ed a regulace","publisher":{"@id":"https:\/\/www.rexcontrols.com\/#organization"},"potentialAction":[{"@type":"SearchAction","target":{"@type":"EntryPoint","urlTemplate":"https:\/\/www.rexcontrols.com\/?s={search_term_string}"},"query-input":{"@type":"PropertyValueSpecification","valueRequired":true,"valueName":"search_term_string"}}],"inLanguage":"cs"},{"@type":"Organization","@id":"https:\/\/www.rexcontrols.com\/#organization","name":"REX Controls","url":"https:\/\/www.rexcontrols.com\/","logo":{"@type":"ImageObject","inLanguage":"cs","@id":"https:\/\/www.rexcontrols.com\/#\/schema\/logo\/image\/","url":"https:\/\/www.rexcontrols.com\/wp-content\/uploads\/2020\/08\/logo_color.svg","contentUrl":"https:\/\/www.rexcontrols.com\/wp-content\/uploads\/2020\/08\/logo_color.svg","width":160,"height":50,"caption":"REX Controls"},"image":{"@id":"https:\/\/www.rexcontrols.com\/#\/schema\/logo\/image\/"}}]}},"_links":{"self":[{"href":"https:\/\/www.rexcontrols.com\/cs\/wp-json\/wp\/v2\/pages\/145","targetHints":{"allow":["GET"]}}],"collection":[{"href":"https:\/\/www.rexcontrols.com\/cs\/wp-json\/wp\/v2\/pages"}],"about":[{"href":"https:\/\/www.rexcontrols.com\/cs\/wp-json\/wp\/v2\/types\/page"}],"author":[{"embeddable":true,"href":"https:\/\/www.rexcontrols.com\/cs\/wp-json\/wp\/v2\/users\/1"}],"replies":[{"embeddable":true,"href":"https:\/\/www.rexcontrols.com\/cs\/wp-json\/wp\/v2\/comments?post=145"}],"version-history":[{"count":0,"href":"https:\/\/www.rexcontrols.com\/cs\/wp-json\/wp\/v2\/pages\/145\/revisions"}],"wp:attachment":[{"href":"https:\/\/www.rexcontrols.com\/cs\/wp-json\/wp\/v2\/media?parent=145"}],"curies":[{"name":"wp","href":"https:\/\/api.w.org\/{rel}","templated":true}]}}