

{"id":16,"date":"2020-08-18T09:11:23","date_gmt":"2020-08-18T07:11:23","guid":{"rendered":"https:\/\/www2.rexcontrols.com\/?page_id=16"},"modified":"2025-12-16T10:24:33","modified_gmt":"2025-12-16T09:24:33","slug":"produkty","status":"publish","type":"page","link":"https:\/\/www.rexcontrols.com\/cs\/produkty\/","title":{"rendered":"Produkty"},"content":{"rendered":"\t\t<div data-elementor-type=\"wp-page\" data-elementor-id=\"16\" class=\"elementor elementor-16\" data-elementor-post-type=\"page\">\n\t\t\t\t\t\t<section class=\"elementor-section elementor-top-section elementor-element elementor-element-5d261cb elementor-section-boxed elementor-section-height-default elementor-section-height-default\" data-id=\"5d261cb\" data-element_type=\"section\" data-settings=\"{&quot;background_background&quot;:&quot;classic&quot;}\">\n\t\t\t\t\t\t<div class=\"elementor-container elementor-column-gap-default\">\n\t\t\t\t\t<div class=\"elementor-column elementor-col-100 elementor-top-column elementor-element elementor-element-c91e108\" data-id=\"c91e108\" data-element_type=\"column\">\n\t\t\t<div class=\"elementor-widget-wrap elementor-element-populated\">\n\t\t\t\t\t\t<div class=\"elementor-element elementor-element-3845c55 elementor-widget elementor-widget-heading\" data-id=\"3845c55\" data-element_type=\"widget\" data-widget_type=\"heading.default\">\n\t\t\t\t<div class=\"elementor-widget-container\">\n\t\t\t\t\t<h1 class=\"elementor-heading-title elementor-size-default\">Produkty<\/h1>\t\t\t\t<\/div>\n\t\t\t\t<\/div>\n\t\t\t\t\t<\/div>\n\t\t<\/div>\n\t\t\t\t\t<\/div>\n\t\t<\/section>\n\t\t\t\t<section class=\"elementor-section elementor-top-section elementor-element elementor-element-0380286 elementor-reverse-mobile elementor-section-boxed elementor-section-height-default elementor-section-height-default\" data-id=\"0380286\" data-element_type=\"section\">\n\t\t\t\t\t\t<div class=\"elementor-container elementor-column-gap-default\">\n\t\t\t\t\t<div class=\"elementor-column elementor-col-50 elementor-top-column elementor-element elementor-element-7dd338d\" data-id=\"7dd338d\" data-element_type=\"column\">\n\t\t\t<div class=\"elementor-widget-wrap elementor-element-populated\">\n\t\t\t\t\t\t<div class=\"elementor-element elementor-element-79189e0 elementor-widget elementor-widget-image\" data-id=\"79189e0\" data-element_type=\"widget\" data-widget_type=\"image.default\">\n\t\t\t\t<div class=\"elementor-widget-container\">\n\t\t\t\t\t\t\t\t\t\t\t\t\t\t\t<img decoding=\"async\" width=\"570\" height=\"405\" src=\"https:\/\/www.rexcontrols.com\/wp-content\/uploads\/2020\/08\/rexygen_icon.svg\" class=\"attachment-large size-large wp-image-213\" alt=\"\" \/>\t\t\t\t\t\t\t\t\t\t\t\t\t\t\t<\/div>\n\t\t\t\t<\/div>\n\t\t\t\t\t<\/div>\n\t\t<\/div>\n\t\t\t\t<div class=\"elementor-column elementor-col-50 elementor-top-column elementor-element elementor-element-5b1dfcb\" data-id=\"5b1dfcb\" data-element_type=\"column\">\n\t\t\t<div class=\"elementor-widget-wrap elementor-element-populated\">\n\t\t\t\t\t\t<div class=\"elementor-element elementor-element-5f144cf elementor-widget elementor-widget-heading\" data-id=\"5f144cf\" data-element_type=\"widget\" data-widget_type=\"heading.default\">\n\t\t\t\t<div class=\"elementor-widget-container\">\n\t\t\t\t\t<h2 class=\"elementor-heading-title elementor-size-default\">Software<\/h2>\t\t\t\t<\/div>\n\t\t\t\t<\/div>\n\t\t\t\t<div class=\"elementor-element elementor-element-9272892 elementor-widget-divider--view-line elementor-widget elementor-widget-divider\" data-id=\"9272892\" data-element_type=\"widget\" data-widget_type=\"divider.default\">\n\t\t\t\t<div class=\"elementor-widget-container\">\n\t\t\t\t\t\t\t<div class=\"elementor-divider\">\n\t\t\t<span class=\"elementor-divider-separator\">\n\t\t\t\t\t\t<\/span>\n\t\t<\/div>\n\t\t\t\t\t\t<\/div>\n\t\t\t\t<\/div>\n\t\t\t\t<div class=\"elementor-element elementor-element-ce85e60 elementor-widget elementor-widget-text-editor\" data-id=\"ce85e60\" data-element_type=\"widget\" data-widget_type=\"text-editor.default\">\n\t\t\t\t<div class=\"elementor-widget-container\">\n\t\t\t\t\t\t\t\t\t<p>Jsme tv\u016frci <strong>\u0159\u00edd\u00edc\u00edho syst\u00e9mu REXYGEN<\/strong>, kter\u00fd n\u00e1m umo\u017e\u0148uje vyv\u00edjet pro na\u0161e z\u00e1kazn\u00edky a partnery standardn\u00ed i pokro\u010dil\u00e1 <strong>\u0159e\u0161en\u00ed v automatizaci<\/strong>.<\/p><p>Jsme schopni rychle a efektivn\u011b dodat spolehliv\u00fd a inovativn\u00ed software. <strong>REXYGEN<\/strong> poskytujeme tak\u00e9 jako samostatn\u00fd a snadno dostupn\u00fd n\u00e1stroj.<\/p>\t\t\t\t\t\t\t\t<\/div>\n\t\t\t\t<\/div>\n\t\t\t\t<div class=\"elementor-element elementor-element-f5689b5 elementor-mobile-align-center elementor-widget elementor-widget-button\" data-id=\"f5689b5\" data-element_type=\"widget\" data-widget_type=\"button.default\">\n\t\t\t\t<div class=\"elementor-widget-container\">\n\t\t\t\t\t\t\t\t\t<div class=\"elementor-button-wrapper\">\n\t\t\t\t\t<a class=\"elementor-button elementor-button-link elementor-size-sm\" href=\"\/cs\/software\/\">\n\t\t\t\t\t\t<span class=\"elementor-button-content-wrapper\">\n\t\t\t\t\t\t\t\t\t<span class=\"elementor-button-text\">Dal\u0161\u00ed informace<\/span>\n\t\t\t\t\t<\/span>\n\t\t\t\t\t<\/a>\n\t\t\t\t<\/div>\n\t\t\t\t\t\t\t\t<\/div>\n\t\t\t\t<\/div>\n\t\t\t\t\t<\/div>\n\t\t<\/div>\n\t\t\t\t\t<\/div>\n\t\t<\/section>\n\t\t\t\t<section class=\"elementor-section elementor-top-section elementor-element elementor-element-ee14150 elementor-section-boxed elementor-section-height-default elementor-section-height-default\" data-id=\"ee14150\" data-element_type=\"section\" data-settings=\"{&quot;background_background&quot;:&quot;classic&quot;}\">\n\t\t\t\t\t\t<div class=\"elementor-container elementor-column-gap-default\">\n\t\t\t\t\t<div class=\"elementor-column elementor-col-100 elementor-top-column elementor-element elementor-element-f0e1e90\" data-id=\"f0e1e90\" data-element_type=\"column\">\n\t\t\t<div class=\"elementor-widget-wrap elementor-element-populated\">\n\t\t\t\t\t\t<div class=\"elementor-element elementor-element-6c7ba2e elementor-widget elementor-widget-heading\" data-id=\"6c7ba2e\" data-element_type=\"widget\" data-widget_type=\"heading.default\">\n\t\t\t\t<div class=\"elementor-widget-container\">\n\t\t\t\t\t<h2 class=\"elementor-heading-title elementor-size-default\">Hardware<\/h2>\t\t\t\t<\/div>\n\t\t\t\t<\/div>\n\t\t\t\t<div class=\"elementor-element elementor-element-5a17c38 elementor-widget-divider--view-line elementor-widget elementor-widget-divider\" data-id=\"5a17c38\" data-element_type=\"widget\" data-widget_type=\"divider.default\">\n\t\t\t\t<div class=\"elementor-widget-container\">\n\t\t\t\t\t\t\t<div class=\"elementor-divider\">\n\t\t\t<span class=\"elementor-divider-separator\">\n\t\t\t\t\t\t<\/span>\n\t\t<\/div>\n\t\t\t\t\t\t<\/div>\n\t\t\t\t<\/div>\n\t\t\t\t<div class=\"elementor-element elementor-element-f0d7878 elementor-widget elementor-widget-text-editor\" data-id=\"f0d7878\" data-element_type=\"widget\" data-widget_type=\"text-editor.default\">\n\t\t\t\t<div class=\"elementor-widget-container\">\n\t\t\t\t\t\t\t\t\t<p><span style=\"font-weight: 400;\">REX Controls je partnerem firmy Weidm\u00fcller (Detmold, N\u011bmecko) a dodavatelem jejich hardwaru pro \u0159\u00eddic\u00ed syst\u00e9my. Doporu\u010duje zejm\u00e9na \u0159\u00eddic\u00ed jednotky (kontrol\u00e9ry) \u0159ady UC20-M3000 a UC20-M4000 se p\u0159edinstalovan\u00fdm syst\u00e9mem REXYGEN a moduly vstup\u016f a v\u00fdstup\u016f \u0159ady UR20.<\/span><\/p><p>Pokro\u010dil\u00e9 a speci\u00e1ln\u00ed \u00falohy vy\u017eaduj\u00ed hardware na m\u00edru.<br \/>M\u016f\u017eeme v\u00e1m nab\u00eddnout hotov\u00e9 \u0159e\u0161en\u00ed nebo p\u0159izp\u016fsoben\u00ed hardware dle va\u0161ich po\u017eadavk\u016f.<\/p>\t\t\t\t\t\t\t\t<\/div>\n\t\t\t\t<\/div>\n\t\t\t\t<div class=\"elementor-element elementor-element-504f44d elementor-align-center elementor-widget elementor-widget-button\" data-id=\"504f44d\" data-element_type=\"widget\" data-widget_type=\"button.default\">\n\t\t\t\t<div class=\"elementor-widget-container\">\n\t\t\t\t\t\t\t\t\t<div class=\"elementor-button-wrapper\">\n\t\t\t\t\t<a class=\"elementor-button elementor-button-link elementor-size-sm\" href=\"\/cs\/hardware\/\">\n\t\t\t\t\t\t<span class=\"elementor-button-content-wrapper\">\n\t\t\t\t\t\t\t\t\t<span class=\"elementor-button-text\">Dal\u0161\u00ed informace<\/span>\n\t\t\t\t\t<\/span>\n\t\t\t\t\t<\/a>\n\t\t\t\t<\/div>\n\t\t\t\t\t\t\t\t<\/div>\n\t\t\t\t<\/div>\n\t\t\t\t\t<\/div>\n\t\t<\/div>\n\t\t\t\t\t<\/div>\n\t\t<\/section>\n\t\t\t\t<\/div>\n\t\t","protected":false},"excerpt":{"rendered":"<p>Produkty Software Jsme tv\u016frci \u0159\u00edd\u00edc\u00edho syst\u00e9mu REXYGEN, kter\u00fd n\u00e1m umo\u017e\u0148uje vyv\u00edjet pro na\u0161e z\u00e1kazn\u00edky a partnery standardn\u00ed i pokro\u010dil\u00e1 \u0159e\u0161en\u00ed v automatizaci. Jsme schopni rychle a efektivn\u011b dodat spolehliv\u00fd a inovativn\u00ed software. REXYGEN poskytujeme tak\u00e9 jako samostatn\u00fd a snadno dostupn\u00fd n\u00e1stroj. Dal\u0161\u00ed informace Hardware REX Controls je partnerem firmy Weidm\u00fcller (Detmold, N\u011bmecko) a dodavatelem jejich [&hellip;]<\/p>\n","protected":false},"author":1,"featured_media":0,"parent":0,"menu_order":0,"comment_status":"closed","ping_status":"closed","template":"elementor_header_footer","meta":{"footnotes":""},"class_list":["post-16","page","type-page","status-publish","hentry"],"yoast_head":"<!-- This site is optimized with the Yoast SEO plugin v24.3 - https:\/\/yoast.com\/wordpress\/plugins\/seo\/ -->\n<title>Produkty | REX Controls<\/title>\n<meta name=\"description\" content=\"Jsme schopni rychle a efektivn\u011b dodat spolehliv\u00fd a inovativn\u00ed software. M\u016f\u017eeme v\u00e1m nab\u00eddnout hotov\u00e9 \u0159e\u0161en\u00ed nebo p\u0159izp\u016fsoben\u00ed hardware dle va\u0161ich po\u017eadavk\u016f.\" \/>\n<meta name=\"robots\" content=\"index, follow, max-snippet:-1, max-image-preview:large, max-video-preview:-1\" \/>\n<link rel=\"canonical\" href=\"https:\/\/www.rexcontrols.com\/cs\/produkty\/\" \/>\n<meta property=\"og:locale\" content=\"cs_CZ\" \/>\n<meta property=\"og:type\" content=\"article\" \/>\n<meta property=\"og:title\" content=\"Produkty | REX Controls\" \/>\n<meta property=\"og:description\" content=\"Jsme schopni rychle a efektivn\u011b dodat spolehliv\u00fd a inovativn\u00ed software. M\u016f\u017eeme v\u00e1m nab\u00eddnout hotov\u00e9 \u0159e\u0161en\u00ed nebo p\u0159izp\u016fsoben\u00ed hardware dle va\u0161ich po\u017eadavk\u016f.\" \/>\n<meta property=\"og:url\" content=\"https:\/\/www.rexcontrols.com\/cs\/produkty\/\" \/>\n<meta property=\"og:site_name\" content=\"REX Controls\" \/>\n<meta property=\"article:modified_time\" content=\"2025-12-16T09:24:33+00:00\" \/>\n<meta property=\"og:image\" content=\"https:\/\/www.rexcontrols.com\/wp-content\/uploads\/2020\/08\/og_image.png\" \/>\n\t<meta property=\"og:image:width\" content=\"570\" \/>\n\t<meta property=\"og:image:height\" content=\"405\" \/>\n\t<meta property=\"og:image:type\" content=\"image\/png\" \/>\n<meta name=\"twitter:card\" content=\"summary_large_image\" \/>\n<meta name=\"twitter:label1\" content=\"Odhadovan\u00e1 doba \u010dten\u00ed\" \/>\n\t<meta name=\"twitter:data1\" content=\"1 minuta\" \/>\n<script type=\"application\/ld+json\" class=\"yoast-schema-graph\">{\"@context\":\"https:\/\/schema.org\",\"@graph\":[{\"@type\":\"WebPage\",\"@id\":\"https:\/\/www.rexcontrols.com\/cs\/produkty\/\",\"url\":\"https:\/\/www.rexcontrols.com\/cs\/produkty\/\",\"name\":\"Produkty | REX Controls\",\"isPartOf\":{\"@id\":\"https:\/\/www.rexcontrols.com\/#website\"},\"primaryImageOfPage\":{\"@id\":\"https:\/\/www.rexcontrols.com\/cs\/produkty\/#primaryimage\"},\"image\":{\"@id\":\"https:\/\/www.rexcontrols.com\/cs\/produkty\/#primaryimage\"},\"thumbnailUrl\":\"https:\/\/www.rexcontrols.com\/wp-content\/uploads\/2020\/08\/rexygen_icon.svg\",\"datePublished\":\"2020-08-18T07:11:23+00:00\",\"dateModified\":\"2025-12-16T09:24:33+00:00\",\"description\":\"Jsme schopni rychle a efektivn\u011b dodat spolehliv\u00fd a inovativn\u00ed software. M\u016f\u017eeme v\u00e1m nab\u00eddnout hotov\u00e9 \u0159e\u0161en\u00ed nebo p\u0159izp\u016fsoben\u00ed hardware dle va\u0161ich po\u017eadavk\u016f.\",\"breadcrumb\":{\"@id\":\"https:\/\/www.rexcontrols.com\/cs\/produkty\/#breadcrumb\"},\"inLanguage\":\"cs\",\"potentialAction\":[{\"@type\":\"ReadAction\",\"target\":[\"https:\/\/www.rexcontrols.com\/cs\/produkty\/\"]}]},{\"@type\":\"ImageObject\",\"inLanguage\":\"cs\",\"@id\":\"https:\/\/www.rexcontrols.com\/cs\/produkty\/#primaryimage\",\"url\":\"https:\/\/www.rexcontrols.com\/wp-content\/uploads\/2020\/08\/rexygen_icon.svg\",\"contentUrl\":\"https:\/\/www.rexcontrols.com\/wp-content\/uploads\/2020\/08\/rexygen_icon.svg\"},{\"@type\":\"BreadcrumbList\",\"@id\":\"https:\/\/www.rexcontrols.com\/cs\/produkty\/#breadcrumb\",\"itemListElement\":[{\"@type\":\"ListItem\",\"position\":1,\"name\":\"Dom\u016f\",\"item\":\"https:\/\/www.rexcontrols.com\/cs\/\"},{\"@type\":\"ListItem\",\"position\":2,\"name\":\"Produkty\"}]},{\"@type\":\"WebSite\",\"@id\":\"https:\/\/www.rexcontrols.com\/#website\",\"url\":\"https:\/\/www.rexcontrols.com\/\",\"name\":\"REX Controls\",\"description\":\"Pokro\u010dil\u00e1 automatizace, m\u011b\u0159en\u00ed a regulace\",\"publisher\":{\"@id\":\"https:\/\/www.rexcontrols.com\/#organization\"},\"potentialAction\":[{\"@type\":\"SearchAction\",\"target\":{\"@type\":\"EntryPoint\",\"urlTemplate\":\"https:\/\/www.rexcontrols.com\/?s={search_term_string}\"},\"query-input\":{\"@type\":\"PropertyValueSpecification\",\"valueRequired\":true,\"valueName\":\"search_term_string\"}}],\"inLanguage\":\"cs\"},{\"@type\":\"Organization\",\"@id\":\"https:\/\/www.rexcontrols.com\/#organization\",\"name\":\"REX Controls\",\"url\":\"https:\/\/www.rexcontrols.com\/\",\"logo\":{\"@type\":\"ImageObject\",\"inLanguage\":\"cs\",\"@id\":\"https:\/\/www.rexcontrols.com\/#\/schema\/logo\/image\/\",\"url\":\"https:\/\/www.rexcontrols.com\/wp-content\/uploads\/2020\/08\/logo_color.svg\",\"contentUrl\":\"https:\/\/www.rexcontrols.com\/wp-content\/uploads\/2020\/08\/logo_color.svg\",\"width\":160,\"height\":50,\"caption\":\"REX Controls\"},\"image\":{\"@id\":\"https:\/\/www.rexcontrols.com\/#\/schema\/logo\/image\/\"}}]}<\/script>\n<!-- \/ Yoast SEO plugin. -->","yoast_head_json":{"title":"Produkty | REX Controls","description":"Jsme schopni rychle a efektivn\u011b dodat spolehliv\u00fd a inovativn\u00ed software. M\u016f\u017eeme v\u00e1m nab\u00eddnout hotov\u00e9 \u0159e\u0161en\u00ed nebo p\u0159izp\u016fsoben\u00ed hardware dle va\u0161ich po\u017eadavk\u016f.","robots":{"index":"index","follow":"follow","max-snippet":"max-snippet:-1","max-image-preview":"max-image-preview:large","max-video-preview":"max-video-preview:-1"},"canonical":"https:\/\/www.rexcontrols.com\/cs\/produkty\/","og_locale":"cs_CZ","og_type":"article","og_title":"Produkty | REX Controls","og_description":"Jsme schopni rychle a efektivn\u011b dodat spolehliv\u00fd a inovativn\u00ed software. M\u016f\u017eeme v\u00e1m nab\u00eddnout hotov\u00e9 \u0159e\u0161en\u00ed nebo p\u0159izp\u016fsoben\u00ed hardware dle va\u0161ich po\u017eadavk\u016f.","og_url":"https:\/\/www.rexcontrols.com\/cs\/produkty\/","og_site_name":"REX Controls","article_modified_time":"2025-12-16T09:24:33+00:00","og_image":[{"width":570,"height":405,"url":"https:\/\/www.rexcontrols.com\/wp-content\/uploads\/2020\/08\/og_image.png","type":"image\/png"}],"twitter_card":"summary_large_image","twitter_misc":{"Odhadovan\u00e1 doba \u010dten\u00ed":"1 minuta"},"schema":{"@context":"https:\/\/schema.org","@graph":[{"@type":"WebPage","@id":"https:\/\/www.rexcontrols.com\/cs\/produkty\/","url":"https:\/\/www.rexcontrols.com\/cs\/produkty\/","name":"Produkty | REX Controls","isPartOf":{"@id":"https:\/\/www.rexcontrols.com\/#website"},"primaryImageOfPage":{"@id":"https:\/\/www.rexcontrols.com\/cs\/produkty\/#primaryimage"},"image":{"@id":"https:\/\/www.rexcontrols.com\/cs\/produkty\/#primaryimage"},"thumbnailUrl":"https:\/\/www.rexcontrols.com\/wp-content\/uploads\/2020\/08\/rexygen_icon.svg","datePublished":"2020-08-18T07:11:23+00:00","dateModified":"2025-12-16T09:24:33+00:00","description":"Jsme schopni rychle a efektivn\u011b dodat spolehliv\u00fd a inovativn\u00ed software. M\u016f\u017eeme v\u00e1m nab\u00eddnout hotov\u00e9 \u0159e\u0161en\u00ed nebo p\u0159izp\u016fsoben\u00ed hardware dle va\u0161ich po\u017eadavk\u016f.","breadcrumb":{"@id":"https:\/\/www.rexcontrols.com\/cs\/produkty\/#breadcrumb"},"inLanguage":"cs","potentialAction":[{"@type":"ReadAction","target":["https:\/\/www.rexcontrols.com\/cs\/produkty\/"]}]},{"@type":"ImageObject","inLanguage":"cs","@id":"https:\/\/www.rexcontrols.com\/cs\/produkty\/#primaryimage","url":"https:\/\/www.rexcontrols.com\/wp-content\/uploads\/2020\/08\/rexygen_icon.svg","contentUrl":"https:\/\/www.rexcontrols.com\/wp-content\/uploads\/2020\/08\/rexygen_icon.svg"},{"@type":"BreadcrumbList","@id":"https:\/\/www.rexcontrols.com\/cs\/produkty\/#breadcrumb","itemListElement":[{"@type":"ListItem","position":1,"name":"Dom\u016f","item":"https:\/\/www.rexcontrols.com\/cs\/"},{"@type":"ListItem","position":2,"name":"Produkty"}]},{"@type":"WebSite","@id":"https:\/\/www.rexcontrols.com\/#website","url":"https:\/\/www.rexcontrols.com\/","name":"REX Controls","description":"Pokro\u010dil\u00e1 automatizace, m\u011b\u0159en\u00ed a regulace","publisher":{"@id":"https:\/\/www.rexcontrols.com\/#organization"},"potentialAction":[{"@type":"SearchAction","target":{"@type":"EntryPoint","urlTemplate":"https:\/\/www.rexcontrols.com\/?s={search_term_string}"},"query-input":{"@type":"PropertyValueSpecification","valueRequired":true,"valueName":"search_term_string"}}],"inLanguage":"cs"},{"@type":"Organization","@id":"https:\/\/www.rexcontrols.com\/#organization","name":"REX Controls","url":"https:\/\/www.rexcontrols.com\/","logo":{"@type":"ImageObject","inLanguage":"cs","@id":"https:\/\/www.rexcontrols.com\/#\/schema\/logo\/image\/","url":"https:\/\/www.rexcontrols.com\/wp-content\/uploads\/2020\/08\/logo_color.svg","contentUrl":"https:\/\/www.rexcontrols.com\/wp-content\/uploads\/2020\/08\/logo_color.svg","width":160,"height":50,"caption":"REX Controls"},"image":{"@id":"https:\/\/www.rexcontrols.com\/#\/schema\/logo\/image\/"}}]}},"_links":{"self":[{"href":"https:\/\/www.rexcontrols.com\/cs\/wp-json\/wp\/v2\/pages\/16","targetHints":{"allow":["GET"]}}],"collection":[{"href":"https:\/\/www.rexcontrols.com\/cs\/wp-json\/wp\/v2\/pages"}],"about":[{"href":"https:\/\/www.rexcontrols.com\/cs\/wp-json\/wp\/v2\/types\/page"}],"author":[{"embeddable":true,"href":"https:\/\/www.rexcontrols.com\/cs\/wp-json\/wp\/v2\/users\/1"}],"replies":[{"embeddable":true,"href":"https:\/\/www.rexcontrols.com\/cs\/wp-json\/wp\/v2\/comments?post=16"}],"version-history":[{"count":0,"href":"https:\/\/www.rexcontrols.com\/cs\/wp-json\/wp\/v2\/pages\/16\/revisions"}],"wp:attachment":[{"href":"https:\/\/www.rexcontrols.com\/cs\/wp-json\/wp\/v2\/media?parent=16"}],"curies":[{"name":"wp","href":"https:\/\/api.w.org\/{rel}","templated":true}]}}