

{"id":2874,"date":"2023-01-24T18:38:36","date_gmt":"2023-01-24T17:38:36","guid":{"rendered":"https:\/\/www.rexcontrols.com\/?page_id=2874"},"modified":"2023-01-24T18:44:41","modified_gmt":"2023-01-24T17:44:41","slug":"zasady-ochrany-osobnich-udaju","status":"publish","type":"page","link":"https:\/\/www.rexcontrols.com\/cs\/zasady-ochrany-osobnich-udaju\/","title":{"rendered":"Z\u00e1sady ochrany osobn\u00edch \u00fadaj\u016f"},"content":{"rendered":"\t\t<div data-elementor-type=\"wp-page\" data-elementor-id=\"2874\" class=\"elementor elementor-2874\" data-elementor-post-type=\"page\">\n\t\t\t\t\t\t<section class=\"elementor-section elementor-top-section elementor-element elementor-element-bf38934 elementor-section-boxed elementor-section-height-default elementor-section-height-default\" data-id=\"bf38934\" data-element_type=\"section\" data-settings=\"{&quot;background_background&quot;:&quot;classic&quot;}\">\n\t\t\t\t\t\t<div class=\"elementor-container elementor-column-gap-default\">\n\t\t\t\t\t<div class=\"elementor-column elementor-col-100 elementor-top-column elementor-element elementor-element-f31f5ca\" data-id=\"f31f5ca\" data-element_type=\"column\">\n\t\t\t<div class=\"elementor-widget-wrap elementor-element-populated\">\n\t\t\t\t\t\t<div class=\"elementor-element elementor-element-fe6e6b6 elementor-widget elementor-widget-heading\" data-id=\"fe6e6b6\" data-element_type=\"widget\" data-widget_type=\"heading.default\">\n\t\t\t\t<div class=\"elementor-widget-container\">\n\t\t\t\t\t<h1 class=\"elementor-heading-title elementor-size-default\">Z\u00e1sady ochrany osobn\u00edch \u00fadaj\u016f<\/h1>\t\t\t\t<\/div>\n\t\t\t\t<\/div>\n\t\t\t\t\t<\/div>\n\t\t<\/div>\n\t\t\t\t\t<\/div>\n\t\t<\/section>\n\t\t\t\t<section class=\"elementor-section elementor-top-section elementor-element elementor-element-7e9eb437 elementor-section-boxed elementor-section-height-default elementor-section-height-default\" data-id=\"7e9eb437\" data-element_type=\"section\">\n\t\t\t\t\t\t<div class=\"elementor-container elementor-column-gap-default\">\n\t\t\t\t\t<div class=\"elementor-column elementor-col-100 elementor-top-column elementor-element elementor-element-4f91767e\" data-id=\"4f91767e\" data-element_type=\"column\">\n\t\t\t<div class=\"elementor-widget-wrap elementor-element-populated\">\n\t\t\t\t\t\t<section class=\"elementor-section elementor-inner-section elementor-element elementor-element-24d84572 elementor-section-boxed elementor-section-height-default elementor-section-height-default\" data-id=\"24d84572\" data-element_type=\"section\">\n\t\t\t\t\t\t<div class=\"elementor-container elementor-column-gap-default\">\n\t\t\t\t\t<div class=\"elementor-column elementor-col-50 elementor-inner-column elementor-element elementor-element-53d6c470\" data-id=\"53d6c470\" data-element_type=\"column\">\n\t\t\t<div class=\"elementor-widget-wrap elementor-element-populated\">\n\t\t\t\t\t\t<div class=\"elementor-element elementor-element-320f97ef elementor-widget elementor-widget-text-editor\" data-id=\"320f97ef\" data-element_type=\"widget\" data-widget_type=\"text-editor.default\">\n\t\t\t\t<div class=\"elementor-widget-container\">\n\t\t\t\t\t\t\t\t\t<p>Souhlas se zpracov\u00e1n\u00edm osobn\u00edch \u00fadaj\u016f ud\u011blujete:<\/p>\t\t\t\t\t\t\t\t<\/div>\n\t\t\t\t<\/div>\n\t\t\t\t<div class=\"elementor-element elementor-element-54e3d59f elementor-widget elementor-widget-text-editor\" data-id=\"54e3d59f\" data-element_type=\"widget\" data-widget_type=\"text-editor.default\">\n\t\t\t\t<div class=\"elementor-widget-container\">\n\t\t\t\t\t\t\t\t\t<p><strong>Subjekt: <\/strong>REX Controls s.r.o.<br \/><strong>S\u00eddlo: <\/strong>Je\u0159abinov\u00e1 836\/30, \u010cernice (Plze\u0148 8-\u010cernice), <br \/>326 00 Plze\u0148<br \/><strong>I\u010cO: <\/strong>25239562<br \/><strong>Subjekt: <\/strong>Spole\u010dnost s ru\u010den\u00edm omezen\u00fdm<br \/><strong>Spisov\u00e1 zna\u010dka: <\/strong>C 11912\/KSPL Krajsk\u00fd soud v Plzni<\/p>\t\t\t\t\t\t\t\t<\/div>\n\t\t\t\t<\/div>\n\t\t\t\t<div class=\"elementor-element elementor-element-580cd1fc elementor-widget elementor-widget-text-editor\" data-id=\"580cd1fc\" data-element_type=\"widget\" data-widget_type=\"text-editor.default\">\n\t\t\t\t<div class=\"elementor-widget-container\">\n\t\t\t\t\t\t\t\t\t<p>aby v souladu se z\u00e1konem o ochran\u011b osobn\u00edch \u00fadaj\u016f a na\u0159\u00edzen\u00ed GDPR zpracov\u00e1vala jako spr\u00e1vce osobn\u00ed \u00fadaje dle podm\u00ednek n\u00ed\u017ee.<\/p>\t\t\t\t\t\t\t\t<\/div>\n\t\t\t\t<\/div>\n\t\t\t\t\t<\/div>\n\t\t<\/div>\n\t\t\t\t<div class=\"elementor-column elementor-col-50 elementor-inner-column elementor-element elementor-element-72c09784\" data-id=\"72c09784\" data-element_type=\"column\">\n\t\t\t<div class=\"elementor-widget-wrap elementor-element-populated\">\n\t\t\t\t\t\t<div class=\"elementor-element elementor-element-544419dc elementor-widget elementor-widget-text-editor\" data-id=\"544419dc\" data-element_type=\"widget\" data-widget_type=\"text-editor.default\">\n\t\t\t\t<div class=\"elementor-widget-container\">\n\t\t\t\t\t\t\t\t\t<p>P\u0159i nakl\u00e1d\u00e1n\u00ed s osobn\u00edmi \u00fadaji postupujeme v souladu s pr\u00e1vn\u00edm \u0159\u00e1dem \u010cesk\u00e9 republiky a p\u0159\u00edmo pou\u017eiteln\u00fdmi p\u0159edpisy Evropsk\u00e9 unie, zejm\u00e9na se z\u00e1konem \u010d. 110\/2019 Sb., o zpracov\u00e1n\u00ed osobn\u00edch \u00fadaj\u016f, ve zn\u011bn\u00ed pozd\u011bj\u0161\u00edch p\u0159edpis\u016f, z\u00e1konem \u010d. 480\/2004 Sb. a v\u00a0souladu s ustanoven\u00edm \u010dl. 13 Na\u0159\u00edzen\u00ed Evropsk\u00e9ho parlamentu a Rady (EU) \u010d. 2016\/679 ze dne\u00a027. dubna 2016, obecn\u00e9ho na\u0159\u00edzen\u00ed o ochran\u011b osobn\u00edch \u00fadaj\u016f\u00a0o n\u011bkter\u00fdch slu\u017eb\u00e1ch informa\u010dn\u00ed spole\u010dnosti a o zm\u011bn\u011b n\u011bkter\u00fdch z\u00e1kon\u016f, ve zn\u011bn\u00ed pozd\u011bj\u0161\u00edch p\u0159edpis\u016f.<\/p><p>V n\u00e1sleduj\u00edc\u00edch \u0159\u00e1dc\u00edch v\u00e1m p\u0159ibl\u00ed\u017e\u00edme, jak\u00fdm zp\u016fsobem a za jak\u00fdm \u00fa\u010delem zpracov\u00e1v\u00e1me va\u0161e osobn\u00ed \u00fadaje a kdo mohou b\u00fdt jejich zpracovatel\u00e9. Tyto informace jsou d\u016fle\u017eit\u00e9, proto douf\u00e1me, \u017ee si najdete \u010das a pe\u010dliv\u011b si v\u0161e p\u0159e\u010dtete.<\/p>\t\t\t\t\t\t\t\t<\/div>\n\t\t\t\t<\/div>\n\t\t\t\t\t<\/div>\n\t\t<\/div>\n\t\t\t\t\t<\/div>\n\t\t<\/section>\n\t\t\t\t<div class=\"elementor-element elementor-element-2bc99bf8 elementor-widget elementor-widget-text-editor\" data-id=\"2bc99bf8\" data-element_type=\"widget\" data-widget_type=\"text-editor.default\">\n\t\t\t\t<div class=\"elementor-widget-container\">\n\t\t\t\t\t\t\t\t\t<h3>Jak\u00e9 \u00fadaje jako spr\u00e1vci zpracov\u00e1v\u00e1me?<\/h3><h4>Vypln\u011bn\u00ed formul\u00e1\u0159e<\/h4><ul><li>Jm\u00e9no a p\u0159\u00edjmen\u00ed<\/li><li>Telefonn\u00ed \u010d\u00edslo<\/li><li>E-mailov\u00e1 adresa<\/li><\/ul>\t\t\t\t\t\t\t\t<\/div>\n\t\t\t\t<\/div>\n\t\t\t\t<div class=\"elementor-element elementor-element-7498100f elementor-widget elementor-widget-text-editor\" data-id=\"7498100f\" data-element_type=\"widget\" data-widget_type=\"text-editor.default\">\n\t\t\t\t<div class=\"elementor-widget-container\">\n\t\t\t\t\t\t\t\t\t<h3>Kdy nen\u00ed pot\u0159eba d\u00e1vat souhlas se zpracov\u00e1n\u00edm osobn\u00edch \u00fadaj\u016f?<\/h3><p>Osobn\u00ed \u00fadaje m\u016f\u017eeme zpracov\u00e1vat i bez va\u0161eho souhlasu pouze za t\u011bmito \u00fa\u010dely:<\/p><ul><li><b><strong>Pln\u011bn\u00ed smlouvy jej\u00edm\u017e p\u0159edm\u011btem je poskytnut\u00ed slu\u017eby nebo produktu<\/strong><\/b><\/li><li><b><strong>Pln\u011bn\u00ed pr\u00e1vn\u00edch povinnost\u00ed<\/strong><\/b>, kter\u00e9 pro n\u00e1s vypl\u00fdvaj\u00ed z obecn\u011b z\u00e1vazn\u00fdch pr\u00e1vn\u00edch p\u0159edpis\u016f.<\/li><li>Zpracov\u00e1n\u00ed v r\u00e1mci\u00a0<b><strong>opr\u00e1vn\u011bn\u00e9ho z\u00e1jmu<\/strong><\/b>\u00a0(nap\u0159. k p\u0159\u00edm\u00e9mu marketingu, zaji\u0161t\u011bn\u00ed bezpe\u010dnosti a ochrany \u017eivota).<\/li><\/ul>\t\t\t\t\t\t\t\t<\/div>\n\t\t\t\t<\/div>\n\t\t\t\t<div class=\"elementor-element elementor-element-ac10aa elementor-widget elementor-widget-text-editor\" data-id=\"ac10aa\" data-element_type=\"widget\" data-widget_type=\"text-editor.default\">\n\t\t\t\t<div class=\"elementor-widget-container\">\n\t\t\t\t\t\t\t\t\t<h3>Za jak\u00fdm \u00fa\u010delem osobn\u00ed \u00fadaje spravujeme a jak dlouho?<\/h3><p>\u00dadaje mohou b\u00fdt vyu\u017eity k obchodn\u00edm a marketingov\u00fdm \u00fa\u010del\u016fm, tj. k veden\u00ed datab\u00e1ze u\u017eivatel\u016f webov\u00e9 str\u00e1nky a k nab\u00edzen\u00ed zbo\u017e\u00ed a slu\u017eeb, a to po dobu trv\u00e1n\u00ed pr\u00e1vn\u00edho d\u016fvodu pro tento zp\u016fsob zpracov\u00e1n\u00ed a vyu\u017eit\u00ed osobn\u00edch a dal\u0161\u00edch \u00fadaj\u016f. Jin\u00fdmi slovy\u00a0Va\u0161e osobn\u00ed \u00fadaje shroma\u017e\u010fujeme za \u00fa\u010delem mo\u017enosti vyu\u017e\u00edvat na\u0161e slu\u017eby a informovat v\u00e1s o novink\u00e1ch. P\u0159e\u010dt\u011bte si v\u00edce, za jak\u00fdm \u00fa\u010delem spravujeme jednotliv\u00e9 \u00fadaje podle m\u00edsta jejich vypln\u011bn\u00ed.<\/p><p><b><strong>Vypln\u011bn\u00ed formul\u00e1\u0159e<\/strong><\/b> &#8211; Osobn\u00ed \u00fadaje zadan\u00e9 p\u0159i vypln\u011bn\u00ed formul\u00e1\u0159ov\u00e9ho souhlasu zpracov\u00e1vat za \u00fa\u010delem pln\u011bn\u00ed smlouvy, tedy za \u00fa\u010delem dod\u00e1n\u00ed zbo\u017e\u00ed nebo poskytnut\u00ed slu\u017eby. D\u00e1le m\u016f\u017eeme tyto \u00fadaje zpracov\u00e1vat za \u00fa\u010delem spln\u011bn\u00ed na\u0161ich z\u00e1konem stanoven\u00fdch povinnost\u00ed (zejm\u00e9na eviden\u010dn\u00ed povinnosti, archivace da\u0148ov\u00fdch doklad\u016f apod.) a pro \u00fa\u010dely ochrany na\u0161ich pr\u00e1vn\u00edch n\u00e1rok\u016f.<\/p><p><b><strong>Identifika\u010dn\u00ed a adresn\u00ed \u00fadaje<\/strong><\/b> m\u016f\u017eeme vyu\u017e\u00edt v\u00a0souladu s\u00a0tzv. opr\u00e1vn\u011bn\u00fdm z\u00e1jmem\u00a0pro tvorbu intern\u00edch statistik. Anonymizovan\u00e9 v\u00fdstupy z\u00a0t\u011bchto statistik vyu\u017e\u00edv\u00e1me za \u00fa\u010delem zlep\u0161ov\u00e1n\u00ed na\u0161ich slu\u017eeb v\u010detn\u011b anal\u00fdzy chov\u00e1n\u00ed u\u017eivatel\u016f a marketingu.<\/p><p><b><strong>Osobn\u00ed \u00fadaje z\u00edskan\u00e9\u00a0prost\u0159ednictv\u00edm soubor\u016f cookies<\/strong><\/b> zpracov\u00e1v\u00e1me na z\u00e1klad\u011b va\u0161eho souhlasu (kter\u00fd m\u016f\u017eete ud\u011blit potvrzen\u00edm na webov\u00e9m rozhran\u00ed pot\u00e9, co jste byli na pou\u017e\u00edv\u00e1n\u00ed cookies upozorn\u011bni a m\u011bli jste mo\u017enost sezn\u00e1mit se s\u00a0t\u011bmito Z\u00e1sadami). Osobn\u00ed \u00fadaje z\u00edsk\u00e1van\u00e9 prost\u0159ednictv\u00edm soubor\u016f cookies jsme opr\u00e1vn\u011bni zpracov\u00e1vat i v\u00a0p\u0159\u00edpad\u011b, \u017ee d\u00e1le u\u017e\u00edv\u00e1te webov\u00e9 rozhran\u00ed i pot\u00e9, co jste byli na zpracov\u00e1n\u00ed t\u011bchto osobn\u00edch \u00fadaj\u016f upozorn\u011bni. Osobn\u00ed \u00fadaje z\u00edskan\u00e9 prost\u0159ednictv\u00edm soubor\u016f cookies vyu\u017e\u00edv\u00e1me pro \u00fa\u010dely\u00a0prov\u00e1d\u011bn\u00ed u\u017eivatelsk\u00e9 podpory, zlep\u0161ov\u00e1n\u00ed na\u0161ich slu\u017eeb v\u010detn\u011b anal\u00fdzy chov\u00e1n\u00ed u\u017eivatel\u016f a marketingu.<\/p><p>Ve\u0161ker\u00e9 poskytnut\u00e9 osobn\u00ed \u00fadaje za v\u00fd\u0161e uveden\u00fdmi \u00fa\u010dely jsou poskytovan\u00e9 zcela dobrovoln\u011b a vyj\u00e1d\u0159en\u00edm jejich souhlasu prob\u00edh\u00e1 pomoc\u00ed aktivn\u00ed interakce (za\u0161krtnut\u00ed) pol\u00ed\u010dka se souhlasem pro jejich zpracov\u00e1n\u00ed nebo na z\u00e1klad\u011b opr\u00e1vn\u011bn\u00e9ho z\u00e1jmu. Zpracov\u00e1n\u00ed \u00fadaj\u016f za t\u00edmto m\u016f\u017eete kdykoliv odvolat prost\u0159ednictv\u00edm e-mailu\u00a0<\/p>\t\t\t\t\t\t\t\t<\/div>\n\t\t\t\t<\/div>\n\t\t\t\t<div class=\"elementor-element elementor-element-31fb8bb6 elementor-widget elementor-widget-text-editor\" data-id=\"31fb8bb6\" data-element_type=\"widget\" data-widget_type=\"text-editor.default\">\n\t\t\t\t<div class=\"elementor-widget-container\">\n\t\t\t\t\t\t\t\t\t<h3>Kdo v\u0161echno m\u00e1 k osobn\u00edm \u00fadaj\u016fm p\u0159\u00edstup?<\/h3><p>Zpracov\u00e1n\u00ed osobn\u00edch \u00fadaj\u016f je prov\u00e1d\u011bno Spr\u00e1vcem ve smyslu ZOO\u00da, osobn\u00ed \u00fadaje v\u0161ak pro Spr\u00e1vce mohou zpracov\u00e1vat i dal\u0161\u00ed subjekty (jako zpracovatel\u00e9 nebo spr\u00e1vci):<\/p><h4>Zpracovatel\u00e9:<\/h4><ul><li>Poskytovatel softwaru <a href=\"https:\/\/www.antstudio.cz\">ANT studio s.r.o<\/a>., I\u010c: 29113229, se s\u00eddlem Slovansk\u00e1 alej 2182\/30, 326 00 Plze\u0148, zapsan\u00e1 u rejst\u0159\u00edkov\u00e9ho soudu v Plzni, odd\u00edl C, vlo\u017eka 25698.<\/li><li>Poskytovatel softwaru <a href=\"https:\/\/www.mravenci.cz\/\" target=\"_blank\" rel=\"noopener\">mravenci na online s.r.o.<\/a>, I\u010c: 06094953, se s\u00eddlem Na J\u00edkalce 2906\/19a, Ji\u017en\u00ed P\u0159edm\u011bst\u00ed, 301 00 Plze\u0148, zapsan\u00e1 u rejst\u0159\u00edkov\u00e9ho soudu v Plzni, odd\u00edl C, vlo\u017eka 34582.<\/li><\/ul><h4>Spr\u00e1vci:<\/h4><ul><li style=\"font-size: 18px;\">Poskytovatel softwaru\u00a0<a href=\"https:\/\/www.antstudio.cz\/\">ANT studio s.r.o<\/a>., I\u010c: 29113229, se s\u00eddlem Slovansk\u00e1 alej 2182\/30, 326 00 Plze\u0148, zapsan\u00e1 u rejst\u0159\u00edkov\u00e9ho soudu v Plzni, odd\u00edl C, vlo\u017eka 25698.<\/li><li style=\"font-size: 18px;\">Poskytovatel softwaru\u00a0<a href=\"https:\/\/www.mravenci.cz\/\" target=\"_blank\" rel=\"noopener\">mravenci na online s.r.o.<\/a>, I\u010c: 06094953, se s\u00eddlem Na J\u00edkalce 2906\/19a, Ji\u017en\u00ed P\u0159edm\u011bst\u00ed, 301 00 Plze\u0148, zapsan\u00e1 u rejst\u0159\u00edkov\u00e9ho soudu v Plzni, odd\u00edl C, vlo\u017eka 34582.<br \/><br \/><\/li><\/ul><p>P\u0159\u00edpadn\u011b m\u016f\u017eeme pov\u011b\u0159it i jin\u00e9 zpracovatele osobn\u00edch \u00fadaj\u016f \u010di osoby (nap\u0159\u00edklad dopravce nebo dal\u0161\u00ed osoby pod\u00edlej\u00edc\u00ed se na spln\u011bn\u00ed smlouvy a na\u0161ich povinnost\u00ed), pouze v\u0161ak v rozsahu, kter\u00fd je nutn\u00fd, pro spln\u011bn\u00ed smlouvy. Osobn\u00ed \u00fadaje nep\u0159ed\u00e1v\u00e1me \u017e\u00e1dn\u00e9 dal\u0161\u00ed osob\u011b. Osobn\u00ed i dal\u0161\u00ed z\u00edskan\u00e9 \u00fadaje jsou pln\u011b zabezpe\u010deny proti zneu\u017eit\u00ed. Osobn\u00ed \u00fadaje budou zpracov\u00e1v\u00e1ny v elektronick\u00e9 podob\u011b automatizovan\u00fdm zp\u016fsobem nebo v ti\u0161t\u011bn\u00e9 podob\u011b neautomatizovan\u00fdm zp\u016fsobem. Va\u0161e osobn\u00ed \u00fadaje nebudou p\u0159ed\u00e1v\u00e1ny do st\u00e1t\u016f mimo Evropskou unii.<\/p>\t\t\t\t\t\t\t\t<\/div>\n\t\t\t\t<\/div>\n\t\t\t\t<div class=\"elementor-element elementor-element-21b3a0d5 elementor-widget elementor-widget-text-editor\" data-id=\"21b3a0d5\" data-element_type=\"widget\" data-widget_type=\"text-editor.default\">\n\t\t\t\t<div class=\"elementor-widget-container\">\n\t\t\t\t\t\t\t\t\t<h3>Jak\u00e1 jsou moje pr\u00e1va v souvislosti s ochranou osobn\u00edch \u00fadaj\u016f?<\/h3><ul><li>Po\u017eadovat po n\u00e1s informaci, kter\u00e9 Va\u0161e osobn\u00ed \u00fadaje zpracov\u00e1v\u00e1me.<\/li><li>Po\u017eadovat po n\u00e1s vysv\u011btlen\u00ed ohledn\u011b zpracov\u00e1n\u00ed osobn\u00edch \u00fadaj\u016f.<\/li><li>Vy\u017e\u00e1dat si u n\u00e1s p\u0159\u00edstup k t\u011bmto \u00fadaj\u016fm a tyto nechat aktualizovat nebo opravit.<\/li><li>Po\u017eadovat po n\u00e1s v\u00fdmaz t\u011bchto osobn\u00edch \u00fadaj\u016f.<\/li><li>Po\u017eadovat p\u0159enesen\u00ed \u00fadaj\u016f.<\/li><li>Pr\u00e1vo b\u00fdt informov\u00e1n o poru\u0161en\u00ed zabezpe\u010den\u00ed osobn\u00edch \u00fadaj\u016f v ur\u010dit\u00fdch p\u0159\u00edpadech.<\/li><\/ul><p><br \/>M\u016f\u017eete kdykoliv podat st\u00ed\u017enost t\u00fdkaj\u00edc\u00ed se zpracov\u00e1n\u00ed va\u0161ich osobn\u00edch \u00fadaj\u016f nebo nepln\u011bn\u00ed povinnost\u00ed spr\u00e1vce plynouc\u00edch z GDPR k dozorov\u00e9mu \u00fa\u0159adu. Dozorov\u00fdm \u00fa\u0159adem je v \u010cR \u00da\u0159ad pro ochranu osobn\u00edch \u00fadaj\u016f, se s\u00eddlem Pplk. Sochora 27, 170 00 Praha 7, <a href=\"http:\/\/www.uoou.cz\/\">www.uoou.cz<\/a>.<\/p>\t\t\t\t\t\t\t\t<\/div>\n\t\t\t\t<\/div>\n\t\t\t\t<div class=\"elementor-element elementor-element-46b571bf elementor-widget elementor-widget-text-editor\" data-id=\"46b571bf\" data-element_type=\"widget\" data-widget_type=\"text-editor.default\">\n\t\t\t\t<div class=\"elementor-widget-container\">\n\t\t\t\t\t\t\t\t\t<h3>Aktualizace z\u00e1sad pro ochranu osobn\u00edch \u00fadaj\u016f<\/h3><p>Pr\u016fb\u011b\u017en\u011b m\u016f\u017eeme Z\u00e1sady ochrany osobn\u00edch \u00fadaj\u016f upravovat \u010di aktualizovat. Jak\u00e9koliv zm\u011bny t\u011bchto Z\u00e1sad ochrany osobn\u00edch \u00fadaj\u016f se stanou \u00fa\u010dinn\u00fdmi po jejich zve\u0159ejn\u011bn\u00ed na t\u00e9to str\u00e1nce<\/p><p>Tyto podm\u00ednky nab\u00fdvaj\u00ed \u00fa\u010dinnosti dnem 01.01.2022.<\/p><p>Posledn\u00ed aktualizace podm\u00ednek prob\u011bhla 01.01.2022.<\/p>\t\t\t\t\t\t\t\t<\/div>\n\t\t\t\t<\/div>\n\t\t\t\t\t<\/div>\n\t\t<\/div>\n\t\t\t\t\t<\/div>\n\t\t<\/section>\n\t\t\t\t<\/div>\n\t\t","protected":false},"excerpt":{"rendered":"<p>Souhlas se zpracov\u00e1n\u00edm osobn\u00edch \u00fadaj\u016f ud\u011blujete: Subjekt: REX Controls s.r.o.S\u00eddlo: Je\u0159abinov\u00e1 836\/30, \u010cernice (Plze\u0148 8-\u010cernice), 326 00 Plze\u0148I\u010cO: 25239562Subjekt: Spole\u010dnost s ru\u010den\u00edm omezen\u00fdmSpisov\u00e1 zna\u010dka: C 11912\/KSPL Krajsk\u00fd soud v Plzni aby v souladu se z\u00e1konem o ochran\u011b osobn\u00edch \u00fadaj\u016f a na\u0159\u00edzen\u00ed GDPR zpracov\u00e1vala jako spr\u00e1vce osobn\u00ed \u00fadaje dle podm\u00ednek n\u00ed\u017ee. P\u0159i nakl\u00e1d\u00e1n\u00ed s osobn\u00edmi \u00fadaji [&hellip;]<\/p>\n","protected":false},"author":1,"featured_media":0,"parent":0,"menu_order":0,"comment_status":"closed","ping_status":"closed","template":"","meta":{"footnotes":""},"class_list":["post-2874","page","type-page","status-publish","hentry"],"yoast_head":"<!-- This site is optimized with the Yoast SEO plugin v24.3 - https:\/\/yoast.com\/wordpress\/plugins\/seo\/ -->\n<title>Z\u00e1sady ochrany osobn\u00edch \u00fadaj\u016f | REX Controls<\/title>\n<meta name=\"robots\" content=\"index, follow, max-snippet:-1, max-image-preview:large, max-video-preview:-1\" \/>\n<link rel=\"canonical\" href=\"https:\/\/www.rexcontrols.com\/cs\/zasady-ochrany-osobnich-udaju\/\" \/>\n<meta property=\"og:locale\" content=\"cs_CZ\" \/>\n<meta property=\"og:type\" content=\"article\" \/>\n<meta property=\"og:title\" content=\"Z\u00e1sady ochrany osobn\u00edch \u00fadaj\u016f | REX Controls\" \/>\n<meta property=\"og:description\" content=\"Souhlas se zpracov\u00e1n\u00edm osobn\u00edch \u00fadaj\u016f ud\u011blujete: Subjekt: REX Controls s.r.o.S\u00eddlo: Je\u0159abinov\u00e1 836\/30, \u010cernice (Plze\u0148 8-\u010cernice), 326 00 Plze\u0148I\u010cO: 25239562Subjekt: Spole\u010dnost s ru\u010den\u00edm omezen\u00fdmSpisov\u00e1 zna\u010dka: C 11912\/KSPL Krajsk\u00fd soud v Plzni aby v souladu se z\u00e1konem o ochran\u011b osobn\u00edch \u00fadaj\u016f a na\u0159\u00edzen\u00ed GDPR zpracov\u00e1vala jako spr\u00e1vce osobn\u00ed \u00fadaje dle podm\u00ednek n\u00ed\u017ee. P\u0159i nakl\u00e1d\u00e1n\u00ed s osobn\u00edmi \u00fadaji [&hellip;]\" \/>\n<meta property=\"og:url\" content=\"https:\/\/www.rexcontrols.com\/cs\/zasady-ochrany-osobnich-udaju\/\" \/>\n<meta property=\"og:site_name\" content=\"REX Controls\" \/>\n<meta property=\"article:modified_time\" content=\"2023-01-24T17:44:41+00:00\" \/>\n<meta property=\"og:image\" content=\"https:\/\/www.rexcontrols.com\/wp-content\/uploads\/2020\/08\/og_image.png\" \/>\n\t<meta property=\"og:image:width\" content=\"570\" \/>\n\t<meta property=\"og:image:height\" content=\"405\" \/>\n\t<meta property=\"og:image:type\" content=\"image\/png\" \/>\n<meta name=\"twitter:card\" content=\"summary_large_image\" \/>\n<meta name=\"twitter:label1\" content=\"Odhadovan\u00e1 doba \u010dten\u00ed\" \/>\n\t<meta name=\"twitter:data1\" content=\"5 minut\" \/>\n<script type=\"application\/ld+json\" class=\"yoast-schema-graph\">{\"@context\":\"https:\/\/schema.org\",\"@graph\":[{\"@type\":\"WebPage\",\"@id\":\"https:\/\/www.rexcontrols.com\/cs\/zasady-ochrany-osobnich-udaju\/\",\"url\":\"https:\/\/www.rexcontrols.com\/cs\/zasady-ochrany-osobnich-udaju\/\",\"name\":\"Z\u00e1sady ochrany osobn\u00edch \u00fadaj\u016f | REX Controls\",\"isPartOf\":{\"@id\":\"https:\/\/www.rexcontrols.com\/#website\"},\"datePublished\":\"2023-01-24T17:38:36+00:00\",\"dateModified\":\"2023-01-24T17:44:41+00:00\",\"breadcrumb\":{\"@id\":\"https:\/\/www.rexcontrols.com\/cs\/zasady-ochrany-osobnich-udaju\/#breadcrumb\"},\"inLanguage\":\"cs\",\"potentialAction\":[{\"@type\":\"ReadAction\",\"target\":[\"https:\/\/www.rexcontrols.com\/cs\/zasady-ochrany-osobnich-udaju\/\"]}]},{\"@type\":\"BreadcrumbList\",\"@id\":\"https:\/\/www.rexcontrols.com\/cs\/zasady-ochrany-osobnich-udaju\/#breadcrumb\",\"itemListElement\":[{\"@type\":\"ListItem\",\"position\":1,\"name\":\"Dom\u016f\",\"item\":\"https:\/\/www.rexcontrols.com\/cs\/\"},{\"@type\":\"ListItem\",\"position\":2,\"name\":\"Z\u00e1sady ochrany osobn\u00edch \u00fadaj\u016f\"}]},{\"@type\":\"WebSite\",\"@id\":\"https:\/\/www.rexcontrols.com\/#website\",\"url\":\"https:\/\/www.rexcontrols.com\/\",\"name\":\"REX Controls\",\"description\":\"Pokro\u010dil\u00e1 automatizace, m\u011b\u0159en\u00ed a regulace\",\"publisher\":{\"@id\":\"https:\/\/www.rexcontrols.com\/#organization\"},\"potentialAction\":[{\"@type\":\"SearchAction\",\"target\":{\"@type\":\"EntryPoint\",\"urlTemplate\":\"https:\/\/www.rexcontrols.com\/?s={search_term_string}\"},\"query-input\":{\"@type\":\"PropertyValueSpecification\",\"valueRequired\":true,\"valueName\":\"search_term_string\"}}],\"inLanguage\":\"cs\"},{\"@type\":\"Organization\",\"@id\":\"https:\/\/www.rexcontrols.com\/#organization\",\"name\":\"REX Controls\",\"url\":\"https:\/\/www.rexcontrols.com\/\",\"logo\":{\"@type\":\"ImageObject\",\"inLanguage\":\"cs\",\"@id\":\"https:\/\/www.rexcontrols.com\/#\/schema\/logo\/image\/\",\"url\":\"https:\/\/www.rexcontrols.com\/wp-content\/uploads\/2020\/08\/logo_color.svg\",\"contentUrl\":\"https:\/\/www.rexcontrols.com\/wp-content\/uploads\/2020\/08\/logo_color.svg\",\"width\":160,\"height\":50,\"caption\":\"REX Controls\"},\"image\":{\"@id\":\"https:\/\/www.rexcontrols.com\/#\/schema\/logo\/image\/\"}}]}<\/script>\n<!-- \/ Yoast SEO plugin. -->","yoast_head_json":{"title":"Z\u00e1sady ochrany osobn\u00edch \u00fadaj\u016f | REX Controls","robots":{"index":"index","follow":"follow","max-snippet":"max-snippet:-1","max-image-preview":"max-image-preview:large","max-video-preview":"max-video-preview:-1"},"canonical":"https:\/\/www.rexcontrols.com\/cs\/zasady-ochrany-osobnich-udaju\/","og_locale":"cs_CZ","og_type":"article","og_title":"Z\u00e1sady ochrany osobn\u00edch \u00fadaj\u016f | REX Controls","og_description":"Souhlas se zpracov\u00e1n\u00edm osobn\u00edch \u00fadaj\u016f ud\u011blujete: Subjekt: REX Controls s.r.o.S\u00eddlo: Je\u0159abinov\u00e1 836\/30, \u010cernice (Plze\u0148 8-\u010cernice), 326 00 Plze\u0148I\u010cO: 25239562Subjekt: Spole\u010dnost s ru\u010den\u00edm omezen\u00fdmSpisov\u00e1 zna\u010dka: C 11912\/KSPL Krajsk\u00fd soud v Plzni aby v souladu se z\u00e1konem o ochran\u011b osobn\u00edch \u00fadaj\u016f a na\u0159\u00edzen\u00ed GDPR zpracov\u00e1vala jako spr\u00e1vce osobn\u00ed \u00fadaje dle podm\u00ednek n\u00ed\u017ee. P\u0159i nakl\u00e1d\u00e1n\u00ed s osobn\u00edmi \u00fadaji [&hellip;]","og_url":"https:\/\/www.rexcontrols.com\/cs\/zasady-ochrany-osobnich-udaju\/","og_site_name":"REX Controls","article_modified_time":"2023-01-24T17:44:41+00:00","og_image":[{"width":570,"height":405,"url":"https:\/\/www.rexcontrols.com\/wp-content\/uploads\/2020\/08\/og_image.png","type":"image\/png"}],"twitter_card":"summary_large_image","twitter_misc":{"Odhadovan\u00e1 doba \u010dten\u00ed":"5 minut"},"schema":{"@context":"https:\/\/schema.org","@graph":[{"@type":"WebPage","@id":"https:\/\/www.rexcontrols.com\/cs\/zasady-ochrany-osobnich-udaju\/","url":"https:\/\/www.rexcontrols.com\/cs\/zasady-ochrany-osobnich-udaju\/","name":"Z\u00e1sady ochrany osobn\u00edch \u00fadaj\u016f | REX Controls","isPartOf":{"@id":"https:\/\/www.rexcontrols.com\/#website"},"datePublished":"2023-01-24T17:38:36+00:00","dateModified":"2023-01-24T17:44:41+00:00","breadcrumb":{"@id":"https:\/\/www.rexcontrols.com\/cs\/zasady-ochrany-osobnich-udaju\/#breadcrumb"},"inLanguage":"cs","potentialAction":[{"@type":"ReadAction","target":["https:\/\/www.rexcontrols.com\/cs\/zasady-ochrany-osobnich-udaju\/"]}]},{"@type":"BreadcrumbList","@id":"https:\/\/www.rexcontrols.com\/cs\/zasady-ochrany-osobnich-udaju\/#breadcrumb","itemListElement":[{"@type":"ListItem","position":1,"name":"Dom\u016f","item":"https:\/\/www.rexcontrols.com\/cs\/"},{"@type":"ListItem","position":2,"name":"Z\u00e1sady ochrany osobn\u00edch \u00fadaj\u016f"}]},{"@type":"WebSite","@id":"https:\/\/www.rexcontrols.com\/#website","url":"https:\/\/www.rexcontrols.com\/","name":"REX Controls","description":"Pokro\u010dil\u00e1 automatizace, m\u011b\u0159en\u00ed a regulace","publisher":{"@id":"https:\/\/www.rexcontrols.com\/#organization"},"potentialAction":[{"@type":"SearchAction","target":{"@type":"EntryPoint","urlTemplate":"https:\/\/www.rexcontrols.com\/?s={search_term_string}"},"query-input":{"@type":"PropertyValueSpecification","valueRequired":true,"valueName":"search_term_string"}}],"inLanguage":"cs"},{"@type":"Organization","@id":"https:\/\/www.rexcontrols.com\/#organization","name":"REX Controls","url":"https:\/\/www.rexcontrols.com\/","logo":{"@type":"ImageObject","inLanguage":"cs","@id":"https:\/\/www.rexcontrols.com\/#\/schema\/logo\/image\/","url":"https:\/\/www.rexcontrols.com\/wp-content\/uploads\/2020\/08\/logo_color.svg","contentUrl":"https:\/\/www.rexcontrols.com\/wp-content\/uploads\/2020\/08\/logo_color.svg","width":160,"height":50,"caption":"REX Controls"},"image":{"@id":"https:\/\/www.rexcontrols.com\/#\/schema\/logo\/image\/"}}]}},"_links":{"self":[{"href":"https:\/\/www.rexcontrols.com\/cs\/wp-json\/wp\/v2\/pages\/2874","targetHints":{"allow":["GET"]}}],"collection":[{"href":"https:\/\/www.rexcontrols.com\/cs\/wp-json\/wp\/v2\/pages"}],"about":[{"href":"https:\/\/www.rexcontrols.com\/cs\/wp-json\/wp\/v2\/types\/page"}],"author":[{"embeddable":true,"href":"https:\/\/www.rexcontrols.com\/cs\/wp-json\/wp\/v2\/users\/1"}],"replies":[{"embeddable":true,"href":"https:\/\/www.rexcontrols.com\/cs\/wp-json\/wp\/v2\/comments?post=2874"}],"version-history":[{"count":0,"href":"https:\/\/www.rexcontrols.com\/cs\/wp-json\/wp\/v2\/pages\/2874\/revisions"}],"wp:attachment":[{"href":"https:\/\/www.rexcontrols.com\/cs\/wp-json\/wp\/v2\/media?parent=2874"}],"curies":[{"name":"wp","href":"https:\/\/api.w.org\/{rel}","templated":true}]}}