

{"id":4095,"date":"2025-11-07T13:26:36","date_gmt":"2025-11-07T12:26:36","guid":{"rendered":"https:\/\/www.rexcontrols.com\/?page_id=4095"},"modified":"2025-12-16T10:27:22","modified_gmt":"2025-12-16T09:27:22","slug":"produkte","status":"publish","type":"page","link":"https:\/\/www.rexcontrols.com\/de\/produkte\/","title":{"rendered":"Produkte"},"content":{"rendered":"\t\t<div data-elementor-type=\"wp-page\" data-elementor-id=\"4095\" class=\"elementor elementor-4095 elementor-16\" data-elementor-post-type=\"page\">\n\t\t\t\t\t\t<section class=\"elementor-section elementor-top-section elementor-element elementor-element-5d261cb elementor-section-boxed elementor-section-height-default elementor-section-height-default\" data-id=\"5d261cb\" data-element_type=\"section\" data-settings=\"{&quot;background_background&quot;:&quot;classic&quot;}\">\n\t\t\t\t\t\t<div class=\"elementor-container elementor-column-gap-default\">\n\t\t\t\t\t<div class=\"elementor-column elementor-col-100 elementor-top-column elementor-element elementor-element-c91e108\" data-id=\"c91e108\" data-element_type=\"column\">\n\t\t\t<div class=\"elementor-widget-wrap elementor-element-populated\">\n\t\t\t\t\t\t<div class=\"elementor-element elementor-element-3845c55 elementor-widget elementor-widget-heading\" data-id=\"3845c55\" data-element_type=\"widget\" data-widget_type=\"heading.default\">\n\t\t\t\t<div class=\"elementor-widget-container\">\n\t\t\t\t\t<h1 class=\"elementor-heading-title elementor-size-default\">Products<\/h1>\t\t\t\t<\/div>\n\t\t\t\t<\/div>\n\t\t\t\t\t<\/div>\n\t\t<\/div>\n\t\t\t\t\t<\/div>\n\t\t<\/section>\n\t\t\t\t<section class=\"elementor-section elementor-top-section elementor-element elementor-element-0380286 elementor-reverse-mobile elementor-section-boxed elementor-section-height-default elementor-section-height-default\" data-id=\"0380286\" data-element_type=\"section\">\n\t\t\t\t\t\t<div class=\"elementor-container elementor-column-gap-default\">\n\t\t\t\t\t<div class=\"elementor-column elementor-col-50 elementor-top-column elementor-element elementor-element-7dd338d\" data-id=\"7dd338d\" data-element_type=\"column\">\n\t\t\t<div class=\"elementor-widget-wrap elementor-element-populated\">\n\t\t\t\t\t\t<div class=\"elementor-element elementor-element-79189e0 elementor-widget elementor-widget-image\" data-id=\"79189e0\" data-element_type=\"widget\" data-widget_type=\"image.default\">\n\t\t\t\t<div class=\"elementor-widget-container\">\n\t\t\t\t\t\t\t\t\t\t\t\t\t\t\t<img decoding=\"async\" width=\"570\" height=\"405\" src=\"https:\/\/www.rexcontrols.com\/wp-content\/uploads\/2020\/08\/rexygen_icon.svg\" class=\"attachment-large size-large wp-image-4075\" alt=\"\" \/>\t\t\t\t\t\t\t\t\t\t\t\t\t\t\t<\/div>\n\t\t\t\t<\/div>\n\t\t\t\t\t<\/div>\n\t\t<\/div>\n\t\t\t\t<div class=\"elementor-column elementor-col-50 elementor-top-column elementor-element elementor-element-5b1dfcb\" data-id=\"5b1dfcb\" data-element_type=\"column\">\n\t\t\t<div class=\"elementor-widget-wrap elementor-element-populated\">\n\t\t\t\t\t\t<div class=\"elementor-element elementor-element-5f144cf elementor-widget elementor-widget-heading\" data-id=\"5f144cf\" data-element_type=\"widget\" data-widget_type=\"heading.default\">\n\t\t\t\t<div class=\"elementor-widget-container\">\n\t\t\t\t\t<h2 class=\"elementor-heading-title elementor-size-default\">Software<\/h2>\t\t\t\t<\/div>\n\t\t\t\t<\/div>\n\t\t\t\t<div class=\"elementor-element elementor-element-9272892 elementor-widget-divider--view-line elementor-widget elementor-widget-divider\" data-id=\"9272892\" data-element_type=\"widget\" data-widget_type=\"divider.default\">\n\t\t\t\t<div class=\"elementor-widget-container\">\n\t\t\t\t\t\t\t<div class=\"elementor-divider\">\n\t\t\t<span class=\"elementor-divider-separator\">\n\t\t\t\t\t\t<\/span>\n\t\t<\/div>\n\t\t\t\t\t\t<\/div>\n\t\t\t\t<\/div>\n\t\t\t\t<div class=\"elementor-element elementor-element-ce85e60 elementor-widget elementor-widget-text-editor\" data-id=\"ce85e60\" data-element_type=\"widget\" data-widget_type=\"text-editor.default\">\n\t\t\t\t<div class=\"elementor-widget-container\">\n\t\t\t\t\t\t\t\t\t<p>Wir sind die Entwickler des Steuerungssystems REXYGEN, mit dem wir Standard- und fortschrittliche Automatisierungsl\u00f6sungen f\u00fcr unsere Kunden und Partner entwickeln k\u00f6nnen.<\/p><p>Wir sind in der Lage, zuverl\u00e4ssige und innovative Software schnell und effizient zu liefern. Wir bieten REXYGEN auch als eigenst\u00e4ndiges und leicht zug\u00e4ngliches Tool an.<\/p>\t\t\t\t\t\t\t\t<\/div>\n\t\t\t\t<\/div>\n\t\t\t\t<div class=\"elementor-element elementor-element-f5689b5 elementor-mobile-align-center elementor-widget elementor-widget-button\" data-id=\"f5689b5\" data-element_type=\"widget\" data-widget_type=\"button.default\">\n\t\t\t\t<div class=\"elementor-widget-container\">\n\t\t\t\t\t\t\t\t\t<div class=\"elementor-button-wrapper\">\n\t\t\t\t\t<a class=\"elementor-button elementor-button-link elementor-size-sm\" href=\"\/de\/software\/\">\n\t\t\t\t\t\t<span class=\"elementor-button-content-wrapper\">\n\t\t\t\t\t\t\t\t\t<span class=\"elementor-button-text\">Weitere Informationen<\/span>\n\t\t\t\t\t<\/span>\n\t\t\t\t\t<\/a>\n\t\t\t\t<\/div>\n\t\t\t\t\t\t\t\t<\/div>\n\t\t\t\t<\/div>\n\t\t\t\t\t<\/div>\n\t\t<\/div>\n\t\t\t\t\t<\/div>\n\t\t<\/section>\n\t\t\t\t<section class=\"elementor-section elementor-top-section elementor-element elementor-element-ee14150 elementor-section-boxed elementor-section-height-default elementor-section-height-default\" data-id=\"ee14150\" data-element_type=\"section\" data-settings=\"{&quot;background_background&quot;:&quot;classic&quot;}\">\n\t\t\t\t\t\t<div class=\"elementor-container elementor-column-gap-default\">\n\t\t\t\t\t<div class=\"elementor-column elementor-col-100 elementor-top-column elementor-element elementor-element-f0e1e90\" data-id=\"f0e1e90\" data-element_type=\"column\">\n\t\t\t<div class=\"elementor-widget-wrap elementor-element-populated\">\n\t\t\t\t\t\t<div class=\"elementor-element elementor-element-6c7ba2e elementor-widget elementor-widget-heading\" data-id=\"6c7ba2e\" data-element_type=\"widget\" data-widget_type=\"heading.default\">\n\t\t\t\t<div class=\"elementor-widget-container\">\n\t\t\t\t\t<h2 class=\"elementor-heading-title elementor-size-default\">Hardware<\/h2>\t\t\t\t<\/div>\n\t\t\t\t<\/div>\n\t\t\t\t<div class=\"elementor-element elementor-element-5a17c38 elementor-widget-divider--view-line elementor-widget elementor-widget-divider\" data-id=\"5a17c38\" data-element_type=\"widget\" data-widget_type=\"divider.default\">\n\t\t\t\t<div class=\"elementor-widget-container\">\n\t\t\t\t\t\t\t<div class=\"elementor-divider\">\n\t\t\t<span class=\"elementor-divider-separator\">\n\t\t\t\t\t\t<\/span>\n\t\t<\/div>\n\t\t\t\t\t\t<\/div>\n\t\t\t\t<\/div>\n\t\t\t\t<div class=\"elementor-element elementor-element-f0d7878 elementor-widget elementor-widget-text-editor\" data-id=\"f0d7878\" data-element_type=\"widget\" data-widget_type=\"text-editor.default\">\n\t\t\t\t<div class=\"elementor-widget-container\">\n\t\t\t\t\t\t\t\t\t<p><span style=\"font-weight: 400;\">REX Controls ist Partner von Weidm\u00fcller (Detmold, Deutschland) und Lieferant von deren Hardware f\u00fcr Steuerungssysteme. Das Unternehmen empfiehlt insbesondere die Steuerungen der Serien UC20-M3000 und UC20-M4000 mit dem vorinstallierten REXYGEN-System sowie die Eingangs- und Ausgangsmodule der Serie UR20.<\/span><\/p><p>Fortgeschrittene und spezielle Aufgaben erfordern ma\u00dfgeschneiderte Hardware.<br \/>Wir bieten Ihnen eine fertige L\u00f6sung oder eine Hardwareanpassung entsprechend Ihren Anforderungen.<\/p>\t\t\t\t\t\t\t\t<\/div>\n\t\t\t\t<\/div>\n\t\t\t\t<div class=\"elementor-element elementor-element-504f44d elementor-align-center elementor-widget elementor-widget-button\" data-id=\"504f44d\" data-element_type=\"widget\" data-widget_type=\"button.default\">\n\t\t\t\t<div class=\"elementor-widget-container\">\n\t\t\t\t\t\t\t\t\t<div class=\"elementor-button-wrapper\">\n\t\t\t\t\t<a class=\"elementor-button elementor-button-link elementor-size-sm\" href=\"\/de\/hardware\/\">\n\t\t\t\t\t\t<span class=\"elementor-button-content-wrapper\">\n\t\t\t\t\t\t\t\t\t<span class=\"elementor-button-text\">Weitere Informationen<\/span>\n\t\t\t\t\t<\/span>\n\t\t\t\t\t<\/a>\n\t\t\t\t<\/div>\n\t\t\t\t\t\t\t\t<\/div>\n\t\t\t\t<\/div>\n\t\t\t\t\t<\/div>\n\t\t<\/div>\n\t\t\t\t\t<\/div>\n\t\t<\/section>\n\t\t\t\t<\/div>\n\t\t","protected":false},"excerpt":{"rendered":"<p>Products Software Wir sind die Entwickler des Steuerungssystems REXYGEN, mit dem wir Standard- und fortschrittliche Automatisierungsl\u00f6sungen f\u00fcr unsere Kunden und Partner entwickeln k\u00f6nnen. Wir sind in der Lage, zuverl\u00e4ssige und innovative Software schnell und effizient zu liefern. Wir bieten REXYGEN auch als eigenst\u00e4ndiges und leicht zug\u00e4ngliches Tool an. Weitere Informationen Hardware REX Controls ist Partner [&hellip;]<\/p>\n","protected":false},"author":1,"featured_media":0,"parent":0,"menu_order":0,"comment_status":"closed","ping_status":"closed","template":"elementor_header_footer","meta":{"footnotes":""},"class_list":["post-4095","page","type-page","status-publish","hentry"],"yoast_head":"<!-- This site is optimized with the Yoast SEO plugin v24.3 - https:\/\/yoast.com\/wordpress\/plugins\/seo\/ -->\n<title>Produkte | REX Controls<\/title>\n<meta name=\"robots\" content=\"index, follow, max-snippet:-1, max-image-preview:large, max-video-preview:-1\" \/>\n<link rel=\"canonical\" href=\"https:\/\/www.rexcontrols.com\/de\/produkte\/\" \/>\n<meta property=\"og:locale\" content=\"de_DE\" \/>\n<meta property=\"og:type\" content=\"article\" \/>\n<meta property=\"og:title\" content=\"Produkte | REX Controls\" \/>\n<meta property=\"og:description\" content=\"Products Software Wir sind die Entwickler des Steuerungssystems REXYGEN, mit dem wir Standard- und fortschrittliche Automatisierungsl\u00f6sungen f\u00fcr unsere Kunden und Partner entwickeln k\u00f6nnen. Wir sind in der Lage, zuverl\u00e4ssige und innovative Software schnell und effizient zu liefern. Wir bieten REXYGEN auch als eigenst\u00e4ndiges und leicht zug\u00e4ngliches Tool an. Weitere Informationen Hardware REX Controls ist Partner [&hellip;]\" \/>\n<meta property=\"og:url\" content=\"https:\/\/www.rexcontrols.com\/de\/produkte\/\" \/>\n<meta property=\"og:site_name\" content=\"REX Controls\" \/>\n<meta property=\"article:modified_time\" content=\"2025-12-16T09:27:22+00:00\" \/>\n<meta property=\"og:image\" content=\"https:\/\/www.rexcontrols.com\/wp-content\/uploads\/2020\/08\/rexygen_icon.svg\" \/>\n<meta name=\"twitter:card\" content=\"summary_large_image\" \/>\n<meta name=\"twitter:label1\" content=\"Est. reading time\" \/>\n\t<meta name=\"twitter:data1\" content=\"1\u00a0Minute\" \/>\n<script type=\"application\/ld+json\" class=\"yoast-schema-graph\">{\"@context\":\"https:\/\/schema.org\",\"@graph\":[{\"@type\":\"WebPage\",\"@id\":\"https:\/\/www.rexcontrols.com\/de\/produkte\/\",\"url\":\"https:\/\/www.rexcontrols.com\/de\/produkte\/\",\"name\":\"Produkte | REX Controls\",\"isPartOf\":{\"@id\":\"https:\/\/www.rexcontrols.com\/#website\"},\"primaryImageOfPage\":{\"@id\":\"https:\/\/www.rexcontrols.com\/de\/produkte\/#primaryimage\"},\"image\":{\"@id\":\"https:\/\/www.rexcontrols.com\/de\/produkte\/#primaryimage\"},\"thumbnailUrl\":\"https:\/\/www.rexcontrols.com\/wp-content\/uploads\/2020\/08\/rexygen_icon.svg\",\"datePublished\":\"2025-11-07T12:26:36+00:00\",\"dateModified\":\"2025-12-16T09:27:22+00:00\",\"breadcrumb\":{\"@id\":\"https:\/\/www.rexcontrols.com\/de\/produkte\/#breadcrumb\"},\"inLanguage\":\"de\",\"potentialAction\":[{\"@type\":\"ReadAction\",\"target\":[\"https:\/\/www.rexcontrols.com\/de\/produkte\/\"]}]},{\"@type\":\"ImageObject\",\"inLanguage\":\"de\",\"@id\":\"https:\/\/www.rexcontrols.com\/de\/produkte\/#primaryimage\",\"url\":\"https:\/\/www.rexcontrols.com\/wp-content\/uploads\/2020\/08\/rexygen_icon.svg\",\"contentUrl\":\"https:\/\/www.rexcontrols.com\/wp-content\/uploads\/2020\/08\/rexygen_icon.svg\"},{\"@type\":\"BreadcrumbList\",\"@id\":\"https:\/\/www.rexcontrols.com\/de\/produkte\/#breadcrumb\",\"itemListElement\":[{\"@type\":\"ListItem\",\"position\":1,\"name\":\"Dom\u016f\",\"item\":\"https:\/\/www.rexcontrols.com\/de\/\"},{\"@type\":\"ListItem\",\"position\":2,\"name\":\"Produkte\"}]},{\"@type\":\"WebSite\",\"@id\":\"https:\/\/www.rexcontrols.com\/#website\",\"url\":\"https:\/\/www.rexcontrols.com\/\",\"name\":\"REX Controls\",\"description\":\"Pokro\u010dil\u00e1 automatizace, m\u011b\u0159en\u00ed a regulace\",\"publisher\":{\"@id\":\"https:\/\/www.rexcontrols.com\/#organization\"},\"potentialAction\":[{\"@type\":\"SearchAction\",\"target\":{\"@type\":\"EntryPoint\",\"urlTemplate\":\"https:\/\/www.rexcontrols.com\/?s={search_term_string}\"},\"query-input\":{\"@type\":\"PropertyValueSpecification\",\"valueRequired\":true,\"valueName\":\"search_term_string\"}}],\"inLanguage\":\"de\"},{\"@type\":\"Organization\",\"@id\":\"https:\/\/www.rexcontrols.com\/#organization\",\"name\":\"REX Controls\",\"url\":\"https:\/\/www.rexcontrols.com\/\",\"logo\":{\"@type\":\"ImageObject\",\"inLanguage\":\"de\",\"@id\":\"https:\/\/www.rexcontrols.com\/#\/schema\/logo\/image\/\",\"url\":\"https:\/\/www.rexcontrols.com\/wp-content\/uploads\/2020\/08\/logo_color.svg\",\"contentUrl\":\"https:\/\/www.rexcontrols.com\/wp-content\/uploads\/2020\/08\/logo_color.svg\",\"width\":160,\"height\":50,\"caption\":\"REX Controls\"},\"image\":{\"@id\":\"https:\/\/www.rexcontrols.com\/#\/schema\/logo\/image\/\"}}]}<\/script>\n<!-- \/ Yoast SEO plugin. -->","yoast_head_json":{"title":"Produkte | REX Controls","robots":{"index":"index","follow":"follow","max-snippet":"max-snippet:-1","max-image-preview":"max-image-preview:large","max-video-preview":"max-video-preview:-1"},"canonical":"https:\/\/www.rexcontrols.com\/de\/produkte\/","og_locale":"de_DE","og_type":"article","og_title":"Produkte | REX Controls","og_description":"Products Software Wir sind die Entwickler des Steuerungssystems REXYGEN, mit dem wir Standard- und fortschrittliche Automatisierungsl\u00f6sungen f\u00fcr unsere Kunden und Partner entwickeln k\u00f6nnen. Wir sind in der Lage, zuverl\u00e4ssige und innovative Software schnell und effizient zu liefern. Wir bieten REXYGEN auch als eigenst\u00e4ndiges und leicht zug\u00e4ngliches Tool an. Weitere Informationen Hardware REX Controls ist Partner [&hellip;]","og_url":"https:\/\/www.rexcontrols.com\/de\/produkte\/","og_site_name":"REX Controls","article_modified_time":"2025-12-16T09:27:22+00:00","og_image":[{"url":"https:\/\/www.rexcontrols.com\/wp-content\/uploads\/2020\/08\/rexygen_icon.svg","type":"","width":"","height":""}],"twitter_card":"summary_large_image","twitter_misc":{"Est. reading time":"1\u00a0Minute"},"schema":{"@context":"https:\/\/schema.org","@graph":[{"@type":"WebPage","@id":"https:\/\/www.rexcontrols.com\/de\/produkte\/","url":"https:\/\/www.rexcontrols.com\/de\/produkte\/","name":"Produkte | REX Controls","isPartOf":{"@id":"https:\/\/www.rexcontrols.com\/#website"},"primaryImageOfPage":{"@id":"https:\/\/www.rexcontrols.com\/de\/produkte\/#primaryimage"},"image":{"@id":"https:\/\/www.rexcontrols.com\/de\/produkte\/#primaryimage"},"thumbnailUrl":"https:\/\/www.rexcontrols.com\/wp-content\/uploads\/2020\/08\/rexygen_icon.svg","datePublished":"2025-11-07T12:26:36+00:00","dateModified":"2025-12-16T09:27:22+00:00","breadcrumb":{"@id":"https:\/\/www.rexcontrols.com\/de\/produkte\/#breadcrumb"},"inLanguage":"de","potentialAction":[{"@type":"ReadAction","target":["https:\/\/www.rexcontrols.com\/de\/produkte\/"]}]},{"@type":"ImageObject","inLanguage":"de","@id":"https:\/\/www.rexcontrols.com\/de\/produkte\/#primaryimage","url":"https:\/\/www.rexcontrols.com\/wp-content\/uploads\/2020\/08\/rexygen_icon.svg","contentUrl":"https:\/\/www.rexcontrols.com\/wp-content\/uploads\/2020\/08\/rexygen_icon.svg"},{"@type":"BreadcrumbList","@id":"https:\/\/www.rexcontrols.com\/de\/produkte\/#breadcrumb","itemListElement":[{"@type":"ListItem","position":1,"name":"Dom\u016f","item":"https:\/\/www.rexcontrols.com\/de\/"},{"@type":"ListItem","position":2,"name":"Produkte"}]},{"@type":"WebSite","@id":"https:\/\/www.rexcontrols.com\/#website","url":"https:\/\/www.rexcontrols.com\/","name":"REX Controls","description":"Pokro\u010dil\u00e1 automatizace, m\u011b\u0159en\u00ed a regulace","publisher":{"@id":"https:\/\/www.rexcontrols.com\/#organization"},"potentialAction":[{"@type":"SearchAction","target":{"@type":"EntryPoint","urlTemplate":"https:\/\/www.rexcontrols.com\/?s={search_term_string}"},"query-input":{"@type":"PropertyValueSpecification","valueRequired":true,"valueName":"search_term_string"}}],"inLanguage":"de"},{"@type":"Organization","@id":"https:\/\/www.rexcontrols.com\/#organization","name":"REX Controls","url":"https:\/\/www.rexcontrols.com\/","logo":{"@type":"ImageObject","inLanguage":"de","@id":"https:\/\/www.rexcontrols.com\/#\/schema\/logo\/image\/","url":"https:\/\/www.rexcontrols.com\/wp-content\/uploads\/2020\/08\/logo_color.svg","contentUrl":"https:\/\/www.rexcontrols.com\/wp-content\/uploads\/2020\/08\/logo_color.svg","width":160,"height":50,"caption":"REX Controls"},"image":{"@id":"https:\/\/www.rexcontrols.com\/#\/schema\/logo\/image\/"}}]}},"_links":{"self":[{"href":"https:\/\/www.rexcontrols.com\/de\/wp-json\/wp\/v2\/pages\/4095","targetHints":{"allow":["GET"]}}],"collection":[{"href":"https:\/\/www.rexcontrols.com\/de\/wp-json\/wp\/v2\/pages"}],"about":[{"href":"https:\/\/www.rexcontrols.com\/de\/wp-json\/wp\/v2\/types\/page"}],"author":[{"embeddable":true,"href":"https:\/\/www.rexcontrols.com\/de\/wp-json\/wp\/v2\/users\/1"}],"replies":[{"embeddable":true,"href":"https:\/\/www.rexcontrols.com\/de\/wp-json\/wp\/v2\/comments?post=4095"}],"version-history":[{"count":0,"href":"https:\/\/www.rexcontrols.com\/de\/wp-json\/wp\/v2\/pages\/4095\/revisions"}],"wp:attachment":[{"href":"https:\/\/www.rexcontrols.com\/de\/wp-json\/wp\/v2\/media?parent=4095"}],"curies":[{"name":"wp","href":"https:\/\/api.w.org\/{rel}","templated":true}]}}