

{"id":4836,"date":"2020-08-18T14:32:40","date_gmt":"2020-08-18T12:32:40","guid":{"rendered":"https:\/\/www.rexcontrols.com\/reseni-pro-prumyslovou-automatizaci-na-klic\/"},"modified":"2025-12-16T10:09:45","modified_gmt":"2025-12-16T09:09:45","slug":"schluesselfertige-loesungen-fuer-die-industrielle-automatisierung","status":"publish","type":"page","link":"https:\/\/www.rexcontrols.com\/de\/schluesselfertige-loesungen-fuer-die-industrielle-automatisierung\/","title":{"rendered":"Schl\u00fcsselfertige L\u00f6sungen f\u00fcr die industrielle Automatisierung"},"content":{"rendered":"\t\t<div data-elementor-type=\"wp-page\" data-elementor-id=\"4836\" class=\"elementor elementor-4836 elementor-134\" data-elementor-post-type=\"page\">\n\t\t\t\t\t\t<section class=\"elementor-section elementor-top-section elementor-element elementor-element-b9b0b12 elementor-section-boxed elementor-section-height-default elementor-section-height-default\" data-id=\"b9b0b12\" data-element_type=\"section\" data-settings=\"{&quot;background_background&quot;:&quot;classic&quot;}\">\n\t\t\t\t\t\t<div class=\"elementor-container elementor-column-gap-default\">\n\t\t\t\t\t<div class=\"elementor-column elementor-col-50 elementor-top-column elementor-element elementor-element-5d9ea8e\" data-id=\"5d9ea8e\" data-element_type=\"column\">\n\t\t\t<div class=\"elementor-widget-wrap elementor-element-populated\">\n\t\t\t\t\t\t<div class=\"elementor-element elementor-element-6da6db1 elementor-widget elementor-widget-image\" data-id=\"6da6db1\" data-element_type=\"widget\" data-widget_type=\"image.default\">\n\t\t\t\t<div class=\"elementor-widget-container\">\n\t\t\t\t\t\t\t\t\t\t\t\t\t\t\t<img decoding=\"async\" width=\"129\" height=\"70\" src=\"https:\/\/www.rexcontrols.com\/wp-content\/uploads\/2020\/08\/automatizace_icon.svg\" class=\"attachment-large size-large wp-image-45\" alt=\"\" \/>\t\t\t\t\t\t\t\t\t\t\t\t\t\t\t<\/div>\n\t\t\t\t<\/div>\n\t\t\t\t\t<\/div>\n\t\t<\/div>\n\t\t\t\t<div class=\"elementor-column elementor-col-50 elementor-top-column elementor-element elementor-element-bd907cb\" data-id=\"bd907cb\" data-element_type=\"column\">\n\t\t\t<div class=\"elementor-widget-wrap elementor-element-populated\">\n\t\t\t\t\t\t<div class=\"elementor-element elementor-element-ba8b00b elementor-widget elementor-widget-heading\" data-id=\"ba8b00b\" data-element_type=\"widget\" data-widget_type=\"heading.default\">\n\t\t\t\t<div class=\"elementor-widget-container\">\n\t\t\t\t\t<h1 class=\"elementor-heading-title elementor-size-default\">Schl\u00fcsselfertige L\u00f6sungen<br>\n f\u00fcr die industrielle Automatisierung\n<\/h1>\t\t\t\t<\/div>\n\t\t\t\t<\/div>\n\t\t\t\t\t<\/div>\n\t\t<\/div>\n\t\t\t\t\t<\/div>\n\t\t<\/section>\n\t\t\t\t<section class=\"elementor-section elementor-top-section elementor-element elementor-element-bb35259 elementor-section-boxed elementor-section-height-default elementor-section-height-default\" data-id=\"bb35259\" data-element_type=\"section\">\n\t\t\t\t\t\t<div class=\"elementor-container elementor-column-gap-default\">\n\t\t\t\t\t<div class=\"elementor-column elementor-col-50 elementor-top-column elementor-element elementor-element-98548c7\" data-id=\"98548c7\" data-element_type=\"column\">\n\t\t\t<div class=\"elementor-widget-wrap elementor-element-populated\">\n\t\t\t\t\t\t<div class=\"elementor-element elementor-element-df9bf9b elementor-widget elementor-widget-text-editor\" data-id=\"df9bf9b\" data-element_type=\"widget\" data-widget_type=\"text-editor.default\">\n\t\t\t\t<div class=\"elementor-widget-container\">\n\t\t\t\t\t\t\t\t\t<p><span style=\"font-weight: 400;\">Das Unternehmen <\/span><b>REX Controls<\/b><span style=\"font-weight: 400;\"> bietet schl\u00fcsselfertige L\u00f6sungen im Bereich von Maschinen- und Prozessleitsystemen. Unabh\u00e4ngig davon, ob Sie ein Upgrade Ihres bestehenden Steuerungssystems ben\u00f6tigen oder am Anfang eines v\u00f6llig neuen Projekts stehen \u2013 wir sind stets bereit, Ihnen zu helfen.<\/span><\/p><p><span style=\"font-weight: 400;\">Falls Ihr aktuelles Steuerungssystem eine Optimierung oder den Einsatz fortschrittlicher Regelungsalgorithmen erfordert, bieten wir auch Beratungsdienstleistungen an.<\/span><\/p><p><span style=\"font-weight: 400;\">Unsere Spezialisierung sind <\/span><b>nicht standardisierte und zeitkritische Anwendungen<\/b><span style=\"font-weight: 400;\">. Bei solchen Projekten k\u00f6nnen Standardl\u00f6sungen zu unbefriedigender Leistung oder unn\u00f6tig hohen Kosten f\u00fchren.<\/span><\/p>\t\t\t\t\t\t\t\t<\/div>\n\t\t\t\t<\/div>\n\t\t\t\t<div class=\"elementor-element elementor-element-361e321 elementor-widget elementor-widget-heading\" data-id=\"361e321\" data-element_type=\"widget\" data-widget_type=\"heading.default\">\n\t\t\t\t<div class=\"elementor-widget-container\">\n\t\t\t\t\t<h3 class=\"elementor-heading-title elementor-size-default\">\nEntwurf und Entwicklung eines Steuerungssystems umfasst \u00fcblicherweise:\n<\/h3>\t\t\t\t<\/div>\n\t\t\t\t<\/div>\n\t\t\t\t<div class=\"elementor-element elementor-element-8206289 elementor-icon-list--layout-traditional elementor-list-item-link-full_width elementor-widget elementor-widget-icon-list\" data-id=\"8206289\" data-element_type=\"widget\" data-widget_type=\"icon-list.default\">\n\t\t\t\t<div class=\"elementor-widget-container\">\n\t\t\t\t\t\t\t<ul class=\"elementor-icon-list-items\">\n\t\t\t\t\t\t\t<li class=\"elementor-icon-list-item\">\n\t\t\t\t\t\t\t\t\t\t\t<span class=\"elementor-icon-list-icon\">\n\t\t\t\t\t\t\t<i aria-hidden=\"true\" class=\"fas fa-caret-right\"><\/i>\t\t\t\t\t\t<\/span>\n\t\t\t\t\t\t\t\t\t\t<span class=\"elementor-icon-list-text\">die Identifikation der dynamischen Eigenschaften der Maschine oder des Prozesses<\/span>\n\t\t\t\t\t\t\t\t\t<\/li>\n\t\t\t\t\t\t\t\t<li class=\"elementor-icon-list-item\">\n\t\t\t\t\t\t\t\t\t\t\t<span class=\"elementor-icon-list-icon\">\n\t\t\t\t\t\t\t<i aria-hidden=\"true\" class=\"fas fa-caret-right\"><\/i>\t\t\t\t\t\t<\/span>\n\t\t\t\t\t\t\t\t\t\t<span class=\"elementor-icon-list-text\">detaillierte mathematische Modellierung und physikalische Analyse<\/span>\n\t\t\t\t\t\t\t\t\t<\/li>\n\t\t\t\t\t\t\t\t<li class=\"elementor-icon-list-item\">\n\t\t\t\t\t\t\t\t\t\t\t<span class=\"elementor-icon-list-icon\">\n\t\t\t\t\t\t\t<i aria-hidden=\"true\" class=\"fas fa-caret-right\"><\/i>\t\t\t\t\t\t<\/span>\n\t\t\t\t\t\t\t\t\t\t<span class=\"elementor-icon-list-text\">Entwurf und Simulation geeigneter Steuerungsstrukturen, Optimierung der Parameter<\/span>\n\t\t\t\t\t\t\t\t\t<\/li>\n\t\t\t\t\t\t\t\t<li class=\"elementor-icon-list-item\">\n\t\t\t\t\t\t\t\t\t\t\t<span class=\"elementor-icon-list-icon\">\n\t\t\t\t\t\t\t<i aria-hidden=\"true\" class=\"fas fa-caret-right\"><\/i>\t\t\t\t\t\t<\/span>\n\t\t\t\t\t\t\t\t\t\t<span class=\"elementor-icon-list-text\">Entwurf von Bedienoberfl\u00e4chen (HMI)<\/span>\n\t\t\t\t\t\t\t\t\t<\/li>\n\t\t\t\t\t\t\t\t<li class=\"elementor-icon-list-item\">\n\t\t\t\t\t\t\t\t\t\t\t<span class=\"elementor-icon-list-icon\">\n\t\t\t\t\t\t\t<i aria-hidden=\"true\" class=\"fas fa-caret-right\"><\/i>\t\t\t\t\t\t<\/span>\n\t\t\t\t\t\t\t\t\t\t<span class=\"elementor-icon-list-text\">Optimierung des Steuerungssystems auf Basis von Betriebserfahrungen<\/span>\n\t\t\t\t\t\t\t\t\t<\/li>\n\t\t\t\t\t\t\t\t<li class=\"elementor-icon-list-item\">\n\t\t\t\t\t\t\t\t\t\t\t<span class=\"elementor-icon-list-icon\">\n\t\t\t\t\t\t\t<i aria-hidden=\"true\" class=\"fas fa-caret-right\"><\/i>\t\t\t\t\t\t<\/span>\n\t\t\t\t\t\t\t\t\t\t<span class=\"elementor-icon-list-text\">Service und Wartung<\/span>\n\t\t\t\t\t\t\t\t\t<\/li>\n\t\t\t\t\t\t<\/ul>\n\t\t\t\t\t\t<\/div>\n\t\t\t\t<\/div>\n\t\t\t\t<div class=\"elementor-element elementor-element-6eb8b80 elementor-widget elementor-widget-text-editor\" data-id=\"6eb8b80\" data-element_type=\"widget\" data-widget_type=\"text-editor.default\">\n\t\t\t\t<div class=\"elementor-widget-container\">\n\t\t\t\t\t\t\t\t\t<p><span style=\"font-weight: 400;\">Unsere Erfahrungen und das positive Feedback unserer Kunden zeigen, dass durch den Einsatz fortschrittlicher Regelungsalgorithmen \u2013 die h\u00e4ufig auf tiefgehenden Kenntnissen der Regelungstheorie und der physikalischen Eigenschaften des gesteuerten Systems basieren \u2013 eine signifikante Verbesserung nicht nur der qualitativen Parameter, sondern auch der wirtschaftlichen Kennzahlen erreicht werden kann.<\/span><\/p>\t\t\t\t\t\t\t\t<\/div>\n\t\t\t\t<\/div>\n\t\t\t\t\t<\/div>\n\t\t<\/div>\n\t\t\t\t<div class=\"elementor-column elementor-col-50 elementor-top-column elementor-element elementor-element-6b60f16 service-border\" data-id=\"6b60f16\" data-element_type=\"column\">\n\t\t\t<div class=\"elementor-widget-wrap elementor-element-populated\">\n\t\t\t\t\t\t<div class=\"elementor-element elementor-element-2c444e5 elementor-widget elementor-widget-heading\" data-id=\"2c444e5\" data-element_type=\"widget\" data-widget_type=\"heading.default\">\n\t\t\t\t<div class=\"elementor-widget-container\">\n\t\t\t\t\t<h3 class=\"elementor-heading-title elementor-size-default\">Weitere Dienstleistungen<\/h3>\t\t\t\t<\/div>\n\t\t\t\t<\/div>\n\t\t\t\t<div class=\"elementor-element elementor-element-db1e40b service-links elementor-icon-list--layout-traditional elementor-list-item-link-full_width elementor-widget elementor-widget-icon-list\" data-id=\"db1e40b\" data-element_type=\"widget\" data-widget_type=\"icon-list.default\">\n\t\t\t\t<div class=\"elementor-widget-container\">\n\t\t\t\t\t\t\t<ul class=\"elementor-icon-list-items\">\n\t\t\t\t\t\t\t<li class=\"elementor-icon-list-item\">\n\t\t\t\t\t\t\t\t\t\t\t<a href=\"\/de\/robotik-und-sonderanlagen\/\">\n\n\t\t\t\t\t\t\t\t\t\t\t<span class=\"elementor-icon-list-text\"> Robotik und Sonderanlagen<\/span>\n\t\t\t\t\t\t\t\t\t\t\t<\/a>\n\t\t\t\t\t\t\t\t\t<\/li>\n\t\t\t\t\t\t\t\t<li class=\"elementor-icon-list-item\">\n\t\t\t\t\t\t\t\t\t\t\t<a href=\"\/de\/prozesssteuerung-und-pid-autotuner\/\">\n\n\t\t\t\t\t\t\t\t\t\t\t<span class=\"elementor-icon-list-text\">Prozesssteuerung und PID-Autotuner<\/span>\n\t\t\t\t\t\t\t\t\t\t\t<\/a>\n\t\t\t\t\t\t\t\t\t<\/li>\n\t\t\t\t\t\t\t\t<li class=\"elementor-icon-list-item\">\n\t\t\t\t\t\t\t\t\t\t\t<a href=\"\/de\/prumyslove-iot\/\">\n\n\t\t\t\t\t\t\t\t\t\t\t<span class=\"elementor-icon-list-text\">Industrielles IoT<\/span>\n\t\t\t\t\t\t\t\t\t\t\t<\/a>\n\t\t\t\t\t\t\t\t\t<\/li>\n\t\t\t\t\t\t\t\t<li class=\"elementor-icon-list-item\">\n\t\t\t\t\t\t\t\t\t\t\t<a href=\"\/de\/hardware-fuer-embedded-systeme\/\">\n\n\t\t\t\t\t\t\t\t\t\t\t<span class=\"elementor-icon-list-text\">Hardware f\u00fcr Embedded-Systeme<\/span>\n\t\t\t\t\t\t\t\t\t\t\t<\/a>\n\t\t\t\t\t\t\t\t\t<\/li>\n\t\t\t\t\t\t\t\t<li class=\"elementor-icon-list-item\">\n\t\t\t\t\t\t\t\t\t\t\t<a href=\"\/de\/mechatronik-und-bewegungssteuerung\/\">\n\n\t\t\t\t\t\t\t\t\t\t\t<span class=\"elementor-icon-list-text\">Mechatronik und Bewegungssteuerung<\/span>\n\t\t\t\t\t\t\t\t\t\t\t<\/a>\n\t\t\t\t\t\t\t\t\t<\/li>\n\t\t\t\t\t\t<\/ul>\n\t\t\t\t\t\t<\/div>\n\t\t\t\t<\/div>\n\t\t\t\t\t<\/div>\n\t\t<\/div>\n\t\t\t\t\t<\/div>\n\t\t<\/section>\n\t\t\t\t<section class=\"elementor-section elementor-top-section elementor-element elementor-element-320ce87 elementor-section-boxed elementor-section-height-default elementor-section-height-default\" data-id=\"320ce87\" data-element_type=\"section\" data-settings=\"{&quot;background_background&quot;:&quot;classic&quot;}\">\n\t\t\t\t\t\t<div class=\"elementor-container elementor-column-gap-default\">\n\t\t\t\t\t<div class=\"elementor-column elementor-col-100 elementor-top-column elementor-element elementor-element-228eba1\" data-id=\"228eba1\" data-element_type=\"column\">\n\t\t\t<div class=\"elementor-widget-wrap elementor-element-populated\">\n\t\t\t\t\t\t<div class=\"elementor-element elementor-element-638cd06 elementor-widget elementor-widget-template\" data-id=\"638cd06\" data-element_type=\"widget\" data-widget_type=\"template.default\">\n\t\t\t\t<div class=\"elementor-widget-container\">\n\t\t\t\t\t\t\t<div class=\"elementor-template\">\n\t\t\t\t\t<div data-elementor-type=\"section\" data-elementor-id=\"3848\" class=\"elementor elementor-3848 elementor-109\" data-elementor-post-type=\"elementor_library\">\n\t\t\t\t\t<section class=\"elementor-section elementor-top-section elementor-element elementor-element-9a6bfce elementor-section-boxed elementor-section-height-default elementor-section-height-default\" data-id=\"9a6bfce\" data-element_type=\"section\">\n\t\t\t\t\t\t<div class=\"elementor-container elementor-column-gap-default\">\n\t\t\t\t\t<div class=\"elementor-column elementor-col-100 elementor-top-column elementor-element elementor-element-3db288c4\" data-id=\"3db288c4\" data-element_type=\"column\">\n\t\t\t<div class=\"elementor-widget-wrap elementor-element-populated\">\n\t\t\t\t\t\t<div class=\"elementor-element elementor-element-4ea8a226 elementor-widget elementor-widget-heading\" data-id=\"4ea8a226\" data-element_type=\"widget\" data-widget_type=\"heading.default\">\n\t\t\t\t<div class=\"elementor-widget-container\">\n\t\t\t\t\t<h3 class=\"elementor-heading-title elementor-size-default\">Haben Sie Interesse an unseren L\u00f6sungen?\n <br>\nKontaktieren Sie uns!<\/h3>\t\t\t\t<\/div>\n\t\t\t\t<\/div>\n\t\t\t\t<div class=\"elementor-element elementor-element-56019822 elementor-align-center elementor-widget elementor-widget-button\" data-id=\"56019822\" data-element_type=\"widget\" data-widget_type=\"button.default\">\n\t\t\t\t<div class=\"elementor-widget-container\">\n\t\t\t\t\t\t\t\t\t<div class=\"elementor-button-wrapper\">\n\t\t\t\t\t<a class=\"elementor-button elementor-button-link elementor-size-sm\" href=\"\/de\/kontakt\/\">\n\t\t\t\t\t\t<span class=\"elementor-button-content-wrapper\">\n\t\t\t\t\t\t\t\t\t<span class=\"elementor-button-text\">Kontaktieren<\/span>\n\t\t\t\t\t<\/span>\n\t\t\t\t\t<\/a>\n\t\t\t\t<\/div>\n\t\t\t\t\t\t\t\t<\/div>\n\t\t\t\t<\/div>\n\t\t\t\t\t<\/div>\n\t\t<\/div>\n\t\t\t\t\t<\/div>\n\t\t<\/section>\n\t\t\t\t<\/div>\n\t\t\t\t<\/div>\n\t\t\t\t\t\t<\/div>\n\t\t\t\t<\/div>\n\t\t\t\t\t<\/div>\n\t\t<\/div>\n\t\t\t\t\t<\/div>\n\t\t<\/section>\n\t\t\t\t<\/div>\n\t\t","protected":false},"excerpt":{"rendered":"<p>Schl\u00fcsselfertige L\u00f6sungen f\u00fcr die industrielle Automatisierung Das Unternehmen REX Controls bietet schl\u00fcsselfertige L\u00f6sungen im Bereich von Maschinen- und Prozessleitsystemen. Unabh\u00e4ngig davon, ob Sie ein Upgrade Ihres bestehenden Steuerungssystems ben\u00f6tigen oder am Anfang eines v\u00f6llig neuen Projekts stehen \u2013 wir sind stets bereit, Ihnen zu helfen. Falls Ihr aktuelles Steuerungssystem eine Optimierung oder den Einsatz fortschrittlicher [&hellip;]<\/p>\n","protected":false},"author":1,"featured_media":0,"parent":0,"menu_order":0,"comment_status":"closed","ping_status":"closed","template":"elementor_header_footer","meta":{"footnotes":""},"class_list":["post-4836","page","type-page","status-publish","hentry"],"yoast_head":"<!-- This site is optimized with the Yoast SEO plugin v24.3 - https:\/\/yoast.com\/wordpress\/plugins\/seo\/ -->\n<title>Schl\u00fcsselfertige L\u00f6sungen f\u00fcr die industrielle Automatisierung | REX Controls<\/title>\n<meta name=\"description\" content=\"Spole\u010dnost REX Controls nab\u00edz\u00ed \u0159e\u0161en\u00ed na kl\u00ed\u010d v oblasti \u0159\u00eddic\u00edch syst\u00e9m\u016f stroj\u016f a proces\u016f. Bez ohledu na to, zda po\u017eadujete upgrade st\u00e1vaj\u00edc\u00edho \u0159\u00eddic\u00edho syst\u00e9mu nebo jste na za\u010d\u00e1tku zcela nov\u00e9ho projektu, jsme v\u017edy p\u0159ipraveni v\u00e1m pomoci.\" \/>\n<meta name=\"robots\" content=\"index, follow, max-snippet:-1, max-image-preview:large, max-video-preview:-1\" \/>\n<link rel=\"canonical\" href=\"https:\/\/www.rexcontrols.com\/de\/schluesselfertige-loesungen-fuer-die-industrielle-automatisierung\/\" \/>\n<meta property=\"og:locale\" content=\"de_DE\" \/>\n<meta property=\"og:type\" content=\"article\" \/>\n<meta property=\"og:title\" content=\"Schl\u00fcsselfertige L\u00f6sungen f\u00fcr die industrielle Automatisierung | REX Controls\" \/>\n<meta property=\"og:description\" content=\"Spole\u010dnost REX Controls nab\u00edz\u00ed \u0159e\u0161en\u00ed na kl\u00ed\u010d v oblasti \u0159\u00eddic\u00edch syst\u00e9m\u016f stroj\u016f a proces\u016f. Bez ohledu na to, zda po\u017eadujete upgrade st\u00e1vaj\u00edc\u00edho \u0159\u00eddic\u00edho syst\u00e9mu nebo jste na za\u010d\u00e1tku zcela nov\u00e9ho projektu, jsme v\u017edy p\u0159ipraveni v\u00e1m pomoci.\" \/>\n<meta property=\"og:url\" content=\"https:\/\/www.rexcontrols.com\/de\/schluesselfertige-loesungen-fuer-die-industrielle-automatisierung\/\" \/>\n<meta property=\"og:site_name\" content=\"REX Controls\" \/>\n<meta property=\"article:modified_time\" content=\"2025-12-16T09:09:45+00:00\" \/>\n<meta property=\"og:image\" content=\"https:\/\/www.rexcontrols.com\/wp-content\/uploads\/2020\/08\/automatizace_icon.svg\" \/>\n<meta name=\"twitter:card\" content=\"summary_large_image\" \/>\n<meta name=\"twitter:label1\" content=\"Est. reading time\" \/>\n\t<meta name=\"twitter:data1\" content=\"2\u00a0Minuten\" \/>\n<script type=\"application\/ld+json\" class=\"yoast-schema-graph\">{\"@context\":\"https:\/\/schema.org\",\"@graph\":[{\"@type\":\"WebPage\",\"@id\":\"https:\/\/www.rexcontrols.com\/de\/schluesselfertige-loesungen-fuer-die-industrielle-automatisierung\/\",\"url\":\"https:\/\/www.rexcontrols.com\/de\/schluesselfertige-loesungen-fuer-die-industrielle-automatisierung\/\",\"name\":\"Schl\u00fcsselfertige L\u00f6sungen f\u00fcr die industrielle Automatisierung | REX Controls\",\"isPartOf\":{\"@id\":\"https:\/\/www.rexcontrols.com\/#website\"},\"primaryImageOfPage\":{\"@id\":\"https:\/\/www.rexcontrols.com\/de\/schluesselfertige-loesungen-fuer-die-industrielle-automatisierung\/#primaryimage\"},\"image\":{\"@id\":\"https:\/\/www.rexcontrols.com\/de\/schluesselfertige-loesungen-fuer-die-industrielle-automatisierung\/#primaryimage\"},\"thumbnailUrl\":\"https:\/\/www.rexcontrols.com\/wp-content\/uploads\/2020\/08\/automatizace_icon.svg\",\"datePublished\":\"2020-08-18T12:32:40+00:00\",\"dateModified\":\"2025-12-16T09:09:45+00:00\",\"description\":\"Spole\u010dnost REX Controls nab\u00edz\u00ed \u0159e\u0161en\u00ed na kl\u00ed\u010d v oblasti \u0159\u00eddic\u00edch syst\u00e9m\u016f stroj\u016f a proces\u016f. Bez ohledu na to, zda po\u017eadujete upgrade st\u00e1vaj\u00edc\u00edho \u0159\u00eddic\u00edho syst\u00e9mu nebo jste na za\u010d\u00e1tku zcela nov\u00e9ho projektu, jsme v\u017edy p\u0159ipraveni v\u00e1m pomoci.\",\"breadcrumb\":{\"@id\":\"https:\/\/www.rexcontrols.com\/de\/schluesselfertige-loesungen-fuer-die-industrielle-automatisierung\/#breadcrumb\"},\"inLanguage\":\"de\",\"potentialAction\":[{\"@type\":\"ReadAction\",\"target\":[\"https:\/\/www.rexcontrols.com\/de\/schluesselfertige-loesungen-fuer-die-industrielle-automatisierung\/\"]}]},{\"@type\":\"ImageObject\",\"inLanguage\":\"de\",\"@id\":\"https:\/\/www.rexcontrols.com\/de\/schluesselfertige-loesungen-fuer-die-industrielle-automatisierung\/#primaryimage\",\"url\":\"https:\/\/www.rexcontrols.com\/wp-content\/uploads\/2020\/08\/automatizace_icon.svg\",\"contentUrl\":\"https:\/\/www.rexcontrols.com\/wp-content\/uploads\/2020\/08\/automatizace_icon.svg\"},{\"@type\":\"BreadcrumbList\",\"@id\":\"https:\/\/www.rexcontrols.com\/de\/schluesselfertige-loesungen-fuer-die-industrielle-automatisierung\/#breadcrumb\",\"itemListElement\":[{\"@type\":\"ListItem\",\"position\":1,\"name\":\"Dom\u016f\",\"item\":\"https:\/\/www.rexcontrols.com\/de\/\"},{\"@type\":\"ListItem\",\"position\":2,\"name\":\"Schl\u00fcsselfertige L\u00f6sungen f\u00fcr die industrielle Automatisierung\"}]},{\"@type\":\"WebSite\",\"@id\":\"https:\/\/www.rexcontrols.com\/#website\",\"url\":\"https:\/\/www.rexcontrols.com\/\",\"name\":\"REX Controls\",\"description\":\"Pokro\u010dil\u00e1 automatizace, m\u011b\u0159en\u00ed a regulace\",\"publisher\":{\"@id\":\"https:\/\/www.rexcontrols.com\/#organization\"},\"potentialAction\":[{\"@type\":\"SearchAction\",\"target\":{\"@type\":\"EntryPoint\",\"urlTemplate\":\"https:\/\/www.rexcontrols.com\/?s={search_term_string}\"},\"query-input\":{\"@type\":\"PropertyValueSpecification\",\"valueRequired\":true,\"valueName\":\"search_term_string\"}}],\"inLanguage\":\"de\"},{\"@type\":\"Organization\",\"@id\":\"https:\/\/www.rexcontrols.com\/#organization\",\"name\":\"REX Controls\",\"url\":\"https:\/\/www.rexcontrols.com\/\",\"logo\":{\"@type\":\"ImageObject\",\"inLanguage\":\"de\",\"@id\":\"https:\/\/www.rexcontrols.com\/#\/schema\/logo\/image\/\",\"url\":\"https:\/\/www.rexcontrols.com\/wp-content\/uploads\/2020\/08\/logo_color.svg\",\"contentUrl\":\"https:\/\/www.rexcontrols.com\/wp-content\/uploads\/2020\/08\/logo_color.svg\",\"width\":160,\"height\":50,\"caption\":\"REX Controls\"},\"image\":{\"@id\":\"https:\/\/www.rexcontrols.com\/#\/schema\/logo\/image\/\"}}]}<\/script>\n<!-- \/ Yoast SEO plugin. -->","yoast_head_json":{"title":"Schl\u00fcsselfertige L\u00f6sungen f\u00fcr die industrielle Automatisierung | REX Controls","description":"Spole\u010dnost REX Controls nab\u00edz\u00ed \u0159e\u0161en\u00ed na kl\u00ed\u010d v oblasti \u0159\u00eddic\u00edch syst\u00e9m\u016f stroj\u016f a proces\u016f. Bez ohledu na to, zda po\u017eadujete upgrade st\u00e1vaj\u00edc\u00edho \u0159\u00eddic\u00edho syst\u00e9mu nebo jste na za\u010d\u00e1tku zcela nov\u00e9ho projektu, jsme v\u017edy p\u0159ipraveni v\u00e1m pomoci.","robots":{"index":"index","follow":"follow","max-snippet":"max-snippet:-1","max-image-preview":"max-image-preview:large","max-video-preview":"max-video-preview:-1"},"canonical":"https:\/\/www.rexcontrols.com\/de\/schluesselfertige-loesungen-fuer-die-industrielle-automatisierung\/","og_locale":"de_DE","og_type":"article","og_title":"Schl\u00fcsselfertige L\u00f6sungen f\u00fcr die industrielle Automatisierung | REX Controls","og_description":"Spole\u010dnost REX Controls nab\u00edz\u00ed \u0159e\u0161en\u00ed na kl\u00ed\u010d v oblasti \u0159\u00eddic\u00edch syst\u00e9m\u016f stroj\u016f a proces\u016f. Bez ohledu na to, zda po\u017eadujete upgrade st\u00e1vaj\u00edc\u00edho \u0159\u00eddic\u00edho syst\u00e9mu nebo jste na za\u010d\u00e1tku zcela nov\u00e9ho projektu, jsme v\u017edy p\u0159ipraveni v\u00e1m pomoci.","og_url":"https:\/\/www.rexcontrols.com\/de\/schluesselfertige-loesungen-fuer-die-industrielle-automatisierung\/","og_site_name":"REX Controls","article_modified_time":"2025-12-16T09:09:45+00:00","og_image":[{"url":"https:\/\/www.rexcontrols.com\/wp-content\/uploads\/2020\/08\/automatizace_icon.svg","type":"","width":"","height":""}],"twitter_card":"summary_large_image","twitter_misc":{"Est. reading time":"2\u00a0Minuten"},"schema":{"@context":"https:\/\/schema.org","@graph":[{"@type":"WebPage","@id":"https:\/\/www.rexcontrols.com\/de\/schluesselfertige-loesungen-fuer-die-industrielle-automatisierung\/","url":"https:\/\/www.rexcontrols.com\/de\/schluesselfertige-loesungen-fuer-die-industrielle-automatisierung\/","name":"Schl\u00fcsselfertige L\u00f6sungen f\u00fcr die industrielle Automatisierung | REX Controls","isPartOf":{"@id":"https:\/\/www.rexcontrols.com\/#website"},"primaryImageOfPage":{"@id":"https:\/\/www.rexcontrols.com\/de\/schluesselfertige-loesungen-fuer-die-industrielle-automatisierung\/#primaryimage"},"image":{"@id":"https:\/\/www.rexcontrols.com\/de\/schluesselfertige-loesungen-fuer-die-industrielle-automatisierung\/#primaryimage"},"thumbnailUrl":"https:\/\/www.rexcontrols.com\/wp-content\/uploads\/2020\/08\/automatizace_icon.svg","datePublished":"2020-08-18T12:32:40+00:00","dateModified":"2025-12-16T09:09:45+00:00","description":"Spole\u010dnost REX Controls nab\u00edz\u00ed \u0159e\u0161en\u00ed na kl\u00ed\u010d v oblasti \u0159\u00eddic\u00edch syst\u00e9m\u016f stroj\u016f a proces\u016f. Bez ohledu na to, zda po\u017eadujete upgrade st\u00e1vaj\u00edc\u00edho \u0159\u00eddic\u00edho syst\u00e9mu nebo jste na za\u010d\u00e1tku zcela nov\u00e9ho projektu, jsme v\u017edy p\u0159ipraveni v\u00e1m pomoci.","breadcrumb":{"@id":"https:\/\/www.rexcontrols.com\/de\/schluesselfertige-loesungen-fuer-die-industrielle-automatisierung\/#breadcrumb"},"inLanguage":"de","potentialAction":[{"@type":"ReadAction","target":["https:\/\/www.rexcontrols.com\/de\/schluesselfertige-loesungen-fuer-die-industrielle-automatisierung\/"]}]},{"@type":"ImageObject","inLanguage":"de","@id":"https:\/\/www.rexcontrols.com\/de\/schluesselfertige-loesungen-fuer-die-industrielle-automatisierung\/#primaryimage","url":"https:\/\/www.rexcontrols.com\/wp-content\/uploads\/2020\/08\/automatizace_icon.svg","contentUrl":"https:\/\/www.rexcontrols.com\/wp-content\/uploads\/2020\/08\/automatizace_icon.svg"},{"@type":"BreadcrumbList","@id":"https:\/\/www.rexcontrols.com\/de\/schluesselfertige-loesungen-fuer-die-industrielle-automatisierung\/#breadcrumb","itemListElement":[{"@type":"ListItem","position":1,"name":"Dom\u016f","item":"https:\/\/www.rexcontrols.com\/de\/"},{"@type":"ListItem","position":2,"name":"Schl\u00fcsselfertige L\u00f6sungen f\u00fcr die industrielle Automatisierung"}]},{"@type":"WebSite","@id":"https:\/\/www.rexcontrols.com\/#website","url":"https:\/\/www.rexcontrols.com\/","name":"REX Controls","description":"Pokro\u010dil\u00e1 automatizace, m\u011b\u0159en\u00ed a regulace","publisher":{"@id":"https:\/\/www.rexcontrols.com\/#organization"},"potentialAction":[{"@type":"SearchAction","target":{"@type":"EntryPoint","urlTemplate":"https:\/\/www.rexcontrols.com\/?s={search_term_string}"},"query-input":{"@type":"PropertyValueSpecification","valueRequired":true,"valueName":"search_term_string"}}],"inLanguage":"de"},{"@type":"Organization","@id":"https:\/\/www.rexcontrols.com\/#organization","name":"REX Controls","url":"https:\/\/www.rexcontrols.com\/","logo":{"@type":"ImageObject","inLanguage":"de","@id":"https:\/\/www.rexcontrols.com\/#\/schema\/logo\/image\/","url":"https:\/\/www.rexcontrols.com\/wp-content\/uploads\/2020\/08\/logo_color.svg","contentUrl":"https:\/\/www.rexcontrols.com\/wp-content\/uploads\/2020\/08\/logo_color.svg","width":160,"height":50,"caption":"REX Controls"},"image":{"@id":"https:\/\/www.rexcontrols.com\/#\/schema\/logo\/image\/"}}]}},"_links":{"self":[{"href":"https:\/\/www.rexcontrols.com\/de\/wp-json\/wp\/v2\/pages\/4836","targetHints":{"allow":["GET"]}}],"collection":[{"href":"https:\/\/www.rexcontrols.com\/de\/wp-json\/wp\/v2\/pages"}],"about":[{"href":"https:\/\/www.rexcontrols.com\/de\/wp-json\/wp\/v2\/types\/page"}],"author":[{"embeddable":true,"href":"https:\/\/www.rexcontrols.com\/de\/wp-json\/wp\/v2\/users\/1"}],"replies":[{"embeddable":true,"href":"https:\/\/www.rexcontrols.com\/de\/wp-json\/wp\/v2\/comments?post=4836"}],"version-history":[{"count":0,"href":"https:\/\/www.rexcontrols.com\/de\/wp-json\/wp\/v2\/pages\/4836\/revisions"}],"wp:attachment":[{"href":"https:\/\/www.rexcontrols.com\/de\/wp-json\/wp\/v2\/media?parent=4836"}],"curies":[{"name":"wp","href":"https:\/\/api.w.org\/{rel}","templated":true}]}}